{"id":375,"date":"2019-02-21T09:22:21","date_gmt":"2019-02-21T09:22:21","guid":{"rendered":"https:\/\/web.ifix.at\/willkommen\/?page_id=375"},"modified":"2021-04-29T15:14:49","modified_gmt":"2021-04-29T15:14:49","slug":"kostenvoranschlag","status":"publish","type":"page","link":"https:\/\/web.ifix.at\/de\/kostenvoranschlag","title":{"rendered":"Kostenvoranschlag"},"content":{"rendered":"<h2 class=\"wp-block-heading\">Kostenvoranschlag<\/h2>\r\n\r\n\r\n<hr class=\"wp-block-separator\" \/>\r\n\r\n\r\n<h4 class=\"wp-block-heading\">Sie ben\u00f6tigen einen Kostenvoranschlag f\u00fcr eine Handy- Tablet? Dann sind Sie hier genau richtig!<\/h4>\r\n\r\n\r\n\r\n<p>Versicherungsfall \u2013 Was ist zu tun?<\/p>\r\n\r\n\r\n\r\n<ol class=\"wp-block-list\">\r\n<li>Der Verursacher meldet den Schaden seiner Versicherung.<\/li>\r\n<li>Sie holen einen Kostenvoranschlag bei uns ein.<\/li>\r\n<li>Kostenvoranschlag bei der Versicherung einreichen.<\/li>\r\n<li>Wenn die Versicherung einer Reparatur zustimmt, defektes Ger\u00e4t bei uns abgeben bzw. einsenden.<\/li>\r\n<li>Repariertes Ger\u00e4t zur\u00fcckerhalten und Rechnung f\u00fcr die Reparatur bei der Versicherung einreichen.<\/li>\r\n<\/ol>\r\n\r\n\r\n\r\n<div class=\"wp-block-image\">\r\n<figure class=\"aligncenter\"><img decoding=\"async\" class=\"wp-image-376\" src=\"https:\/\/web.ifix.at\/wp-content\/uploads\/2019\/02\/story-points-estimating.png\" alt=\"iFix.at - iPhone und iPad Reparatur Service\" \/><\/figure>\r\n<\/div>\r\n\r\n\r\n\r\n<h4 class=\"wp-block-heading\">Hinweise f\u00fcr Kostenvoranschl\u00e4ge<\/h4>\r\n\r\n\r\n\r\n<p>Wir erstellen Ihnen auf Wunsch einen Kostenvoranschlag f\u00fcr Ihre Versicherung. Der Kostenvoranschlag beinhaltet eine exakte Beschreibung des Schadens und die Kosten der Reparatur. Der Preis f\u00fcr die Erstellung eines Kostenvoranschlags betr\u00e4gt 19,- \u20ac (inkl. MwSt.). Diese werden Ihnen bei Durchf\u00fchrung der Reparatur bei uns wieder gut geschrieben.<\/p>\r\n\r\n\r\n\r\n<p>F\u00fcr unsere Reparaturen verwenden wir haupts\u00e4chlich Originale Ersatzteile sowie Ersatzteile in Erstausr\u00fcsterqualit\u00e4t.\u00a0<\/p>\r\n\r\n\r\n\r\n<p>Mit mehr als 19 Jahren Erfahrung in der Telekommunikationsbranche, sind wir gerne Ihre Ansprechpartner\u00a0wenn es um die Reparatur Ihrer t\u00e4glichen\u00a0Begleiter geht.<\/p>","protected":false},"excerpt":{"rendered":"<p>Kostenvoranschlag Sie ben\u00f6tigen einen Kostenvoranschlag f\u00fcr eine Handy- Tablet? Dann sind Sie hier genau richtig! Versicherungsfall \u2013 Was ist zu tun? Der Verursacher meldet den Schaden seiner Versicherung. Sie holen einen Kostenvoranschlag bei uns ein. Kostenvoranschlag bei der Versicherung einreichen. Wenn die Versicherung einer Reparatur zustimmt, defektes Ger\u00e4t bei uns abgeben bzw. einsenden. Repariertes Ger\u00e4t [&hellip;]<\/p>\n","protected":false},"author":4,"featured_media":0,"parent":0,"menu_order":0,"comment_status":"closed","ping_status":"closed","template":"","meta":{"footnotes":""},"class_list":["post-375","page","type-page","status-publish","hentry"],"yoast_head":"<!-- This site is optimized with the Yoast SEO plugin v27.5 - https:\/\/yoast.com\/product\/yoast-seo-wordpress\/ -->\n<title>Kostenvoranschlag &#8226; iFix.at \u2022 Nr1. Smartphone Reparaturen in Wien 1010<\/title>\n<meta name=\"description\" content=\"Wir erstellen Ihnen gerne einen Kostenvoranschlag f\u00fcr die Versicherung und reparieren Ihr Smartphone schnell und zuverl\u00e4ssig in Wien 1010 Rabensteig 1\" \/>\n<meta name=\"robots\" content=\"index, follow, max-snippet:-1, max-image-preview:large, max-video-preview:-1\" \/>\n<link rel=\"canonical\" href=\"https:\/\/web.ifix.at\/de\/kostenvoranschlag\/\" \/>\n<meta property=\"og:locale\" content=\"de_DE\" \/>\n<meta property=\"og:type\" content=\"article\" \/>\n<meta property=\"og:title\" content=\"Kostenvoranschlag &#8226; iFix.at \u2022 Nr1. Smartphone Reparaturen in Wien 1010\" \/>\n<meta property=\"og:description\" content=\"Wir erstellen Ihnen gerne einen Kostenvoranschlag f\u00fcr die Versicherung und reparieren Ihr Smartphone schnell und zuverl\u00e4ssig in Wien 1010 Rabensteig 1\" \/>\n<meta property=\"og:url\" content=\"https:\/\/web.ifix.at\/de\/kostenvoranschlag\/\" \/>\n<meta property=\"og:site_name\" content=\"iFix.at\" \/>\n<meta property=\"article:publisher\" content=\"https:\/\/www.facebook.com\/pages\/category\/Business-Service\/iFixat-deine-Handywerkstatt-1599555726993076\/\" \/>\n<meta property=\"article:modified_time\" content=\"2021-04-29T15:14:49+00:00\" \/>\n<meta property=\"og:image\" content=\"https:\/\/web.ifix.at\/wp-content\/uploads\/2019\/02\/story-points-estimating.png\" \/>\n<meta name=\"twitter:card\" content=\"summary_large_image\" \/>\n<meta name=\"twitter:label1\" content=\"Gesch\u00e4tzte Lesezeit\" \/>\n\t<meta name=\"twitter:data1\" content=\"1 Minute\" \/>\n<script type=\"application\/ld+json\" class=\"yoast-schema-graph\">{\"@context\":\"https:\\\/\\\/schema.org\",\"@graph\":[{\"@type\":\"WebPage\",\"@id\":\"https:\\\/\\\/web.ifix.at\\\/kostenvoranschlag\",\"url\":\"https:\\\/\\\/web.ifix.at\\\/kostenvoranschlag\",\"name\":\"Kostenvoranschlag &#8226; iFix.at \u2022 Nr1. Smartphone Reparaturen in Wien 1010\",\"isPartOf\":{\"@id\":\"https:\\\/\\\/web.ifix.at\\\/#website\"},\"primaryImageOfPage\":{\"@id\":\"https:\\\/\\\/web.ifix.at\\\/kostenvoranschlag#primaryimage\"},\"image\":{\"@id\":\"https:\\\/\\\/web.ifix.at\\\/kostenvoranschlag#primaryimage\"},\"thumbnailUrl\":\"https:\\\/\\\/web.ifix.at\\\/wp-content\\\/uploads\\\/2019\\\/02\\\/story-points-estimating.png\",\"datePublished\":\"2019-02-21T09:22:21+00:00\",\"dateModified\":\"2021-04-29T15:14:49+00:00\",\"description\":\"Wir erstellen Ihnen gerne einen Kostenvoranschlag f\u00fcr die Versicherung und reparieren Ihr Smartphone schnell und zuverl\u00e4ssig in Wien 1010 Rabensteig 1\",\"inLanguage\":\"de-AT\",\"potentialAction\":[{\"@type\":\"ReadAction\",\"target\":[\"https:\\\/\\\/web.ifix.at\\\/kostenvoranschlag\"]}]},{\"@type\":\"ImageObject\",\"inLanguage\":\"de-AT\",\"@id\":\"https:\\\/\\\/web.ifix.at\\\/kostenvoranschlag#primaryimage\",\"url\":\"https:\\\/\\\/web.ifix.at\\\/wp-content\\\/uploads\\\/2019\\\/02\\\/story-points-estimating.png\",\"contentUrl\":\"https:\\\/\\\/web.ifix.at\\\/wp-content\\\/uploads\\\/2019\\\/02\\\/story-points-estimating.png\"},{\"@type\":\"WebSite\",\"@id\":\"https:\\\/\\\/web.ifix.at\\\/#website\",\"url\":\"https:\\\/\\\/web.ifix.at\\\/\",\"name\":\"iFix.at\",\"description\":\"Express iPhone - iPad - Smartphone Reparaturen in 1010 Wien\",\"publisher\":{\"@id\":\"https:\\\/\\\/web.ifix.at\\\/#organization\"},\"potentialAction\":[{\"@type\":\"SearchAction\",\"target\":{\"@type\":\"EntryPoint\",\"urlTemplate\":\"https:\\\/\\\/web.ifix.at\\\/?s={search_term_string}\"},\"query-input\":{\"@type\":\"PropertyValueSpecification\",\"valueRequired\":true,\"valueName\":\"search_term_string\"}}],\"inLanguage\":\"de-AT\"},{\"@type\":\"Organization\",\"@id\":\"https:\\\/\\\/web.ifix.at\\\/#organization\",\"name\":\"iFix\",\"url\":\"https:\\\/\\\/web.ifix.at\\\/\",\"logo\":{\"@type\":\"ImageObject\",\"inLanguage\":\"de-AT\",\"@id\":\"https:\\\/\\\/web.ifix.at\\\/#\\\/schema\\\/logo\\\/image\\\/\",\"url\":\"https:\\\/\\\/web.ifix.at\\\/wp-content\\\/uploads\\\/2020\\\/12\\\/logo-transparent.png\",\"contentUrl\":\"https:\\\/\\\/web.ifix.at\\\/wp-content\\\/uploads\\\/2020\\\/12\\\/logo-transparent.png\",\"width\":1949,\"height\":500,\"caption\":\"iFix\"},\"image\":{\"@id\":\"https:\\\/\\\/web.ifix.at\\\/#\\\/schema\\\/logo\\\/image\\\/\"},\"sameAs\":[\"https:\\\/\\\/www.facebook.com\\\/pages\\\/category\\\/Business-Service\\\/iFixat-deine-Handywerkstatt-1599555726993076\\\/\",\"https:\\\/\\\/www.instagram.com\\\/ifixvienna\\\/\",\"https:\\\/\\\/www.linkedin.com\\\/in\\\/ifix-wien-a7a997100\\\/\",\"https:\\\/\\\/www.youtube.com\\\/channel\\\/UCTYIels_GZ7WHS9yFyShrlQ\"]}]}<\/script>\n<!-- \/ Yoast SEO plugin. -->","yoast_head_json":{"title":"Kostenvoranschlag &#8226; iFix.at \u2022 Nr1. Smartphone Reparaturen in Wien 1010","description":"Wir erstellen Ihnen gerne einen Kostenvoranschlag f\u00fcr die Versicherung und reparieren Ihr Smartphone schnell und zuverl\u00e4ssig in Wien 1010 Rabensteig 1","robots":{"index":"index","follow":"follow","max-snippet":"max-snippet:-1","max-image-preview":"max-image-preview:large","max-video-preview":"max-video-preview:-1"},"canonical":"https:\/\/web.ifix.at\/de\/kostenvoranschlag\/","og_locale":"de_DE","og_type":"article","og_title":"Kostenvoranschlag &#8226; iFix.at \u2022 Nr1. Smartphone Reparaturen in Wien 1010","og_description":"Wir erstellen Ihnen gerne einen Kostenvoranschlag f\u00fcr die Versicherung und reparieren Ihr Smartphone schnell und zuverl\u00e4ssig in Wien 1010 Rabensteig 1","og_url":"https:\/\/web.ifix.at\/de\/kostenvoranschlag\/","og_site_name":"iFix.at","article_publisher":"https:\/\/www.facebook.com\/pages\/category\/Business-Service\/iFixat-deine-Handywerkstatt-1599555726993076\/","article_modified_time":"2021-04-29T15:14:49+00:00","og_image":[{"url":"https:\/\/web.ifix.at\/wp-content\/uploads\/2019\/02\/story-points-estimating.png","type":"","width":"","height":""}],"twitter_card":"summary_large_image","twitter_misc":{"Gesch\u00e4tzte Lesezeit":"1 Minute"},"schema":{"@context":"https:\/\/schema.org","@graph":[{"@type":"WebPage","@id":"https:\/\/web.ifix.at\/kostenvoranschlag","url":"https:\/\/web.ifix.at\/kostenvoranschlag","name":"Kostenvoranschlag &#8226; iFix.at \u2022 Nr1. Smartphone Reparaturen in Wien 1010","isPartOf":{"@id":"https:\/\/web.ifix.at\/#website"},"primaryImageOfPage":{"@id":"https:\/\/web.ifix.at\/kostenvoranschlag#primaryimage"},"image":{"@id":"https:\/\/web.ifix.at\/kostenvoranschlag#primaryimage"},"thumbnailUrl":"https:\/\/web.ifix.at\/wp-content\/uploads\/2019\/02\/story-points-estimating.png","datePublished":"2019-02-21T09:22:21+00:00","dateModified":"2021-04-29T15:14:49+00:00","description":"Wir erstellen Ihnen gerne einen Kostenvoranschlag f\u00fcr die Versicherung und reparieren Ihr Smartphone schnell und zuverl\u00e4ssig in Wien 1010 Rabensteig 1","inLanguage":"de-AT","potentialAction":[{"@type":"ReadAction","target":["https:\/\/web.ifix.at\/kostenvoranschlag"]}]},{"@type":"ImageObject","inLanguage":"de-AT","@id":"https:\/\/web.ifix.at\/kostenvoranschlag#primaryimage","url":"https:\/\/web.ifix.at\/wp-content\/uploads\/2019\/02\/story-points-estimating.png","contentUrl":"https:\/\/web.ifix.at\/wp-content\/uploads\/2019\/02\/story-points-estimating.png"},{"@type":"WebSite","@id":"https:\/\/web.ifix.at\/#website","url":"https:\/\/web.ifix.at\/","name":"iFix.at","description":"Express iPhone - iPad - Smartphone Reparaturen in 1010 Wien","publisher":{"@id":"https:\/\/web.ifix.at\/#organization"},"potentialAction":[{"@type":"SearchAction","target":{"@type":"EntryPoint","urlTemplate":"https:\/\/web.ifix.at\/?s={search_term_string}"},"query-input":{"@type":"PropertyValueSpecification","valueRequired":true,"valueName":"search_term_string"}}],"inLanguage":"de-AT"},{"@type":"Organization","@id":"https:\/\/web.ifix.at\/#organization","name":"iFix","url":"https:\/\/web.ifix.at\/","logo":{"@type":"ImageObject","inLanguage":"de-AT","@id":"https:\/\/web.ifix.at\/#\/schema\/logo\/image\/","url":"https:\/\/web.ifix.at\/wp-content\/uploads\/2020\/12\/logo-transparent.png","contentUrl":"https:\/\/web.ifix.at\/wp-content\/uploads\/2020\/12\/logo-transparent.png","width":1949,"height":500,"caption":"iFix"},"image":{"@id":"https:\/\/web.ifix.at\/#\/schema\/logo\/image\/"},"sameAs":["https:\/\/www.facebook.com\/pages\/category\/Business-Service\/iFixat-deine-Handywerkstatt-1599555726993076\/","https:\/\/www.instagram.com\/ifixvienna\/","https:\/\/www.linkedin.com\/in\/ifix-wien-a7a997100\/","https:\/\/www.youtube.com\/channel\/UCTYIels_GZ7WHS9yFyShrlQ"]}]}},"_links":{"self":[{"href":"https:\/\/web.ifix.at\/de\/wp-json\/wp\/v2\/pages\/375","targetHints":{"allow":["GET"]}}],"collection":[{"href":"https:\/\/web.ifix.at\/de\/wp-json\/wp\/v2\/pages"}],"about":[{"href":"https:\/\/web.ifix.at\/de\/wp-json\/wp\/v2\/types\/page"}],"author":[{"embeddable":true,"href":"https:\/\/web.ifix.at\/de\/wp-json\/wp\/v2\/users\/4"}],"replies":[{"embeddable":true,"href":"https:\/\/web.ifix.at\/de\/wp-json\/wp\/v2\/comments?post=375"}],"version-history":[{"count":2,"href":"https:\/\/web.ifix.at\/de\/wp-json\/wp\/v2\/pages\/375\/revisions"}],"predecessor-version":[{"id":8490,"href":"https:\/\/web.ifix.at\/de\/wp-json\/wp\/v2\/pages\/375\/revisions\/8490"}],"wp:attachment":[{"href":"https:\/\/web.ifix.at\/de\/wp-json\/wp\/v2\/media?parent=375"}],"curies":[{"name":"wp","href":"https:\/\/api.w.org\/{rel}","templated":true}]}}