{"id":7075,"date":"2021-01-13T06:43:40","date_gmt":"2021-01-13T06:43:40","guid":{"rendered":"https:\/\/web.ifix.at\/?page_id=7075"},"modified":"2026-04-01T10:36:24","modified_gmt":"2026-04-01T10:36:24","slug":"ipad-reparatur-wien","status":"publish","type":"page","link":"https:\/\/web.ifix.at\/de\/ipad-reparatur-wien","title":{"rendered":"ipad reparatur wien"},"content":{"rendered":"<h2 style=\"text-align: center;\"><a href=\"http:\/\/www.ifix.at\"><strong><em><span style=\"color: #ff6600;\">Reparatur hier starten<\/span><\/em><\/strong><\/a><\/h2>\n<p>&nbsp;<\/p>\n<h1><strong data-start=\"134\" data-end=\"198\">iPad Reparatur Wien \u2013 dein zuverl\u00e4ssiger Partner bei iFix.at<\/strong><\/h1>\n<div class=\"header-wrapper\">\n<div class=\"header color-overlay custom-mobile-image\" data-parallax-depth=\"20\">\n<div class=\"inner-header-description gridContainer\">\n<div class=\"row header-description-row\">\n<div><\/div>\n<\/div>\n<\/div>\n<\/div>\n<\/div>\n<p data-start=\"200\" data-end=\"503\">Wenn du auf der Suche nach einer professionellen <strong data-start=\"249\" data-end=\"272\">iPad Reparatur Wien<\/strong> bist, dann bist du bei iFix.at genau richtig. Mit unserem Standort im Zentrum von Wien bieten wir dir eine schnelle, unkomplizierte und hochwertige L\u00f6sung f\u00fcr alle iPad-Probleme \u2013 egal welches Modell oder welcher Schaden vorliegt.<\/p>\n<p data-start=\"505\" data-end=\"840\">Eine <a href=\"http:\/\/www.ifix.at\"><strong data-start=\"510\" data-end=\"533\">iPad Reparatur Wien<\/strong><\/a> sollte vor allem eines sein: stressfrei. Genau darauf legen wir gro\u00dfen Wert. Du bringst dein Ger\u00e4t vorbei, wir analysieren den Schaden und geben dir eine ehrliche Einsch\u00e4tzung inklusive transparenter Kosten. Keine versteckten Geb\u00fchren, keine unn\u00f6tigen Reparaturen \u2013 nur das, was dein iPad wirklich braucht.<\/p>\n<h3 data-section-id=\"19pgqja\" data-start=\"842\" data-end=\"891\">Unsere Leistungen:<\/h3>\n<ul data-start=\"1000\" data-end=\"1346\">\n<li data-section-id=\"1pvo35l\" data-start=\"1000\" data-end=\"1060\"><strong data-start=\"1002\" data-end=\"1023\">Display Reparatur<\/strong> bei Glasbruch oder Touch-Problemen<\/li>\n<li data-section-id=\"1u3pb0i\" data-start=\"1061\" data-end=\"1117\"><strong data-start=\"1063\" data-end=\"1081\">Akku Austausch<\/strong>, wenn dein iPad schnell leer wird<\/li>\n<li data-section-id=\"1lxl1if\" data-start=\"1118\" data-end=\"1172\"><strong data-start=\"1120\" data-end=\"1145\">Ladebuchsen Reparatur<\/strong> bei Verbindungsproblemen<\/li>\n<li data-section-id=\"1xq2x4f\" data-start=\"1173\" data-end=\"1234\"><strong data-start=\"1175\" data-end=\"1203\">Wasserschaden Behandlung<\/strong> f\u00fcr maximale Rettungschancen<\/li>\n<li data-section-id=\"yjnboa\" data-start=\"1235\" data-end=\"1285\"><strong data-start=\"1237\" data-end=\"1264\">Software-Fehlerbehebung<\/strong> und Systemprobleme<\/li>\n<li data-section-id=\"ujth46\" data-start=\"1286\" data-end=\"1346\">Reparaturen f\u00fcr <strong data-start=\"1304\" data-end=\"1346\">iPad, iPad Pro, iPad Air und iPad Mini<\/strong><\/li>\n<\/ul>\n<p data-start=\"1348\" data-end=\"1595\">Unsere erfahrenen Techniker wissen genau, worauf es bei einer hochwertigen <strong data-start=\"1423\" data-end=\"1446\">iPad Reparatur Wien<\/strong> ankommt. Durch den Einsatz von qualitativ hochwertigen Ersatzteilen stellen wir sicher, dass dein Ger\u00e4t wieder langfristig zuverl\u00e4ssig funktioniert.<\/p>\n<h3 data-section-id=\"1mtxk64\" data-start=\"1597\" data-end=\"1649\">Schnelle Reparatur \u2013 oft am selben Tag<\/h3>\n<p data-start=\"1651\" data-end=\"1923\">Zeit ist ein entscheidender Faktor. Deshalb bieten wir bei iFix.at eine besonders schnelle <strong data-start=\"1742\" data-end=\"1765\">iPad Reparatur <\/strong>an. Viele Reparaturen \u2013 insbesondere Display- und Akkuwechsel \u2013 k\u00f6nnen wir noch am selben Tag durchf\u00fchren. So musst du nicht lange auf dein Ger\u00e4t verzichten.<\/p>\n<h3 data-section-id=\"1h7hwvp\" data-start=\"1925\" data-end=\"1975\">Zentrale Lage f\u00fcr deine Reparatur<\/h3>\n<p data-start=\"1977\" data-end=\"2236\">Unsere Werkstatt befindet sich direkt im <a href=\"https:\/\/www.google.com\/maps\/place\/iFix.at+-+iPhone+Display+%26+Akku+Reparatur+in+Wien,+iPad,+Macbook+Reparatur+-+Display+Touchglas+Ger%C3%A4te+Retter+Pr%C3%A4mie\/@48.211266,16.3725291,17z\/data=!3m1!4b1!4m6!3m5!1s0x476d07e59178c4fb:0x1d43a8ea2f2fa72c!8m2!3d48.2112625!4d16.375104!16s%2Fg%2F11b7yc92f2?entry=ttu&amp;g_ep=EgoyMDI2MDMyOS4wIKXMDSoASAFQAw%3D%3D\">1. Bezirk<\/a>. Das bedeutet: Deine <strong data-start=\"2049\" data-end=\"2072\">iPad Reparatur <\/strong>ist schnell erledigt \u2013 egal ob du aus der Innenstadt kommst oder aus den umliegenden Bezirken. Einfach vorbeikommen, Ger\u00e4t abgeben und wir k\u00fcmmern uns um den Rest.<\/p>\n<h3 data-section-id=\"9zd2v7\" data-start=\"2238\" data-end=\"2301\">Warum ist iFix.at die richtige Wahl f\u00fcr deine <a href=\"http:\/\/web.ifix.at\">Reparatur<\/a><\/h3>\n<ul data-start=\"2303\" data-end=\"2548\">\n<li data-section-id=\"qykwet\" data-start=\"2303\" data-end=\"2348\">Spezialisierung auf <strong data-start=\"2325\" data-end=\"2348\">iPads<\/strong><\/li>\n<li data-section-id=\"yojgne\" data-start=\"2349\" data-end=\"2395\">Schnelle Abwicklung ohne lange Wartezeiten<\/li>\n<li data-section-id=\"iexixh\" data-start=\"2396\" data-end=\"2429\">Faire und transparente Preise<\/li>\n<li data-section-id=\"gsti1r\" data-start=\"2430\" data-end=\"2460\">Pers\u00f6nlicher Kundenservice<\/li>\n<li data-section-id=\"18lhfoe\" data-start=\"2461\" data-end=\"2517\">Hochwertige Ersatzteile und professionelle Reparatur<\/li>\n<li data-section-id=\"1drlhey\" data-start=\"2518\" data-end=\"2548\">Zentrale Lage in 1010 Wien<\/li>\n<\/ul>\n<p data-start=\"2550\" data-end=\"2701\">Eine gute <strong data-start=\"2560\" data-end=\"2583\">iPad Reparatur Wien<\/strong> erkennt man daran, dass sie nicht nur schnell, sondern auch nachhaltig ist. Genau das ist unser Anspruch bei iFix.at.<\/p>\n<h3 data-section-id=\"1m6qx2r\" data-start=\"2703\" data-end=\"2747\">Dein iPad ist bei uns in sicheren H\u00e4nden<\/h3>\n<p data-start=\"2749\" data-end=\"2974\">Ob kleiner Schaden oder komplexes Problem \u2013 bei deiner <strong data-start=\"2804\" data-end=\"2827\">iPad Reparatur Wien<\/strong> setzen wir alles daran, dein Ger\u00e4t wieder in Bestform zu bringen. Unsere Kombination aus Erfahrung, Technik und Kundenfokus macht den Unterschied.<\/p>\n<p data-start=\"2976\" data-end=\"3083\">Komm einfach vorbei oder nimm Kontakt auf \u2013 deine <strong data-start=\"3026\" data-end=\"3049\">iPad Reparatur Wien<\/strong> ist bei iFix.at in besten H\u00e4nden.<\/p>\n<p>[\/vc_column_text]<div class=\"vc_empty_space\"   style=\"height: 32px\"><span class=\"vc_empty_space_inner\"><\/span><\/div>[\/vc_column][\/vc_row]<div class=\"vc_row wpb_row vc_row-fluid\"><div class=\"wpb_column vc_column_container vc_col-sm-12\"><div class=\"vc_column-inner\"><div class=\"wpb_wrapper\"><div class=\"vc_empty_space\"   style=\"height: 32px\"><span class=\"vc_empty_space_inner\"><\/span><\/div>\n\t<div class=\"wpb_text_column wpb_content_element  vc_custom_1610454968467\" >\n\t\t<div class=\"wpb_wrapper\">\n\t\t\t<div class=\"divider-lg\"><\/div>\n<p>&nbsp;<\/p>\n<h2 class=\"h-lg\">Have a Question?<\/h2>\n<p class=\"info\">If the question you have has not yet been answered here, use the form with clicking ask question button to ask something about buying or selling devices.<\/p>\n\n\t\t<\/div>\n\t<\/div>\n\n<div class=\"wpcf7 no-js\" id=\"wpcf7-f1424-o1\" lang=\"en-US\" dir=\"ltr\" data-wpcf7-id=\"1424\">\n<div class=\"screen-reader-response\"><p role=\"status\" aria-live=\"polite\" aria-atomic=\"true\"><\/p> <ul><\/ul><\/div>\n<form action=\"\/de\/wp-json\/wp\/v2\/pages\/7075#wpcf7-f1424-o1\" method=\"post\" class=\"wpcf7-form init\" aria-label=\"Contact form\" novalidate=\"novalidate\" data-status=\"init\">\n<fieldset class=\"hidden-fields-container\"><input type=\"hidden\" name=\"_wpcf7\" value=\"1424\" \/><input type=\"hidden\" name=\"_wpcf7_version\" value=\"6.1.5\" \/><input type=\"hidden\" name=\"_wpcf7_locale\" value=\"en_US\" \/><input type=\"hidden\" name=\"_wpcf7_unit_tag\" value=\"wpcf7-f1424-o1\" \/><input type=\"hidden\" name=\"_wpcf7_container_post\" value=\"0\" \/><input type=\"hidden\" name=\"_wpcf7_posted_data_hash\" value=\"\" \/><input type=\"hidden\" name=\"_wpcf7_recaptcha_response\" value=\"\" \/>\n<\/fieldset>\n<div class=\"quote-form\">\n\t<div class=\"wrapper\">\n\t\t<div class=\"input-half pull-left\">\n\t\t\t<p><span class=\"wpcf7-form-control-wrap\" data-name=\"your-name\"><input size=\"40\" maxlength=\"400\" class=\"wpcf7-form-control wpcf7-text wpcf7-validates-as-required\" aria-required=\"true\" aria-invalid=\"false\" placeholder=\"Name\" value=\"\" type=\"text\" name=\"your-name\" \/><\/span>\n\t\t\t<\/p>\n\t\t<\/div>\n\t\t<div class=\"input-half pull-right\">\n\t\t\t<p><span class=\"wpcf7-form-control-wrap\" data-name=\"your-email\"><input size=\"40\" maxlength=\"400\" class=\"wpcf7-form-control wpcf7-email wpcf7-validates-as-required wpcf7-text wpcf7-validates-as-email\" aria-required=\"true\" aria-invalid=\"false\" placeholder=\"Email Address\" value=\"\" type=\"email\" name=\"your-email\" \/><\/span>\n\t\t\t<\/p>\n\t\t<\/div>\n\t<\/div>\n\t<div>\n\t\t<p><span class=\"wpcf7-form-control-wrap\" data-name=\"your-phone\"><input size=\"40\" maxlength=\"400\" class=\"wpcf7-form-control wpcf7-text input-full\" aria-invalid=\"false\" placeholder=\"Phone\" value=\"\" type=\"text\" name=\"your-phone\" \/><\/span><span class=\"wpcf7-form-control-wrap\" data-name=\"your-message\"><textarea cols=\"40\" rows=\"10\" maxlength=\"2000\" class=\"wpcf7-form-control wpcf7-textarea wpcf7-validates-as-required input-full\" aria-required=\"true\" aria-invalid=\"false\" placeholder=\"Message\" name=\"your-message\"><\/textarea><\/span><button type=\"submit\" id=\"submit1\" class=\"btn wpcf7-form-control wpcf7-submit\">ask question<\/button>\n\t\t<\/p>\n\t<\/div>\n<\/div><div class=\"wpcf7-response-output\" aria-hidden=\"true\"><\/div>\n<\/form>\n<\/div>\n<\/div><\/div><\/div><\/div>\n","protected":false},"excerpt":{"rendered":"<p>Reparatur hier starten &nbsp; iPad Reparatur Wien \u2013 dein zuverl\u00e4ssiger Partner bei iFix.at Wenn du auf der Suche nach einer professionellen iPad Reparatur Wien bist, dann bist du bei iFix.at genau richtig. Mit unserem Standort im Zentrum von Wien bieten wir dir eine schnelle, unkomplizierte und hochwertige L\u00f6sung f\u00fcr alle iPad-Probleme \u2013 egal welches Modell [&hellip;]<\/p>\n","protected":false},"author":1,"featured_media":9199,"parent":0,"menu_order":0,"comment_status":"closed","ping_status":"closed","template":"","meta":{"footnotes":""},"class_list":["post-7075","page","type-page","status-publish","has-post-thumbnail","hentry"],"yoast_head":"<!-- This site is optimized with the Yoast SEO plugin v27.5 - https:\/\/yoast.com\/product\/yoast-seo-wordpress\/ -->\n<title>iPad Reparatur Wien \u2013 Express Service bei iFix.at in 2-4 Stunden!<\/title>\n<meta name=\"description\" content=\"iPad Reparatur Wien bei iFix.at. Schneller Service f\u00fcr Display, Akku &amp; mehr. Jetzt vorbeikommen und iPad professionell reparieren lassen!\" \/>\n<meta name=\"robots\" content=\"index, follow, max-snippet:-1, max-image-preview:large, max-video-preview:-1\" \/>\n<link rel=\"canonical\" href=\"https:\/\/web.ifix.at\/de\/ipad-reparatur-wien\/\" \/>\n<meta property=\"og:locale\" content=\"de_DE\" \/>\n<meta property=\"og:type\" content=\"article\" \/>\n<meta property=\"og:title\" content=\"iPad Reparatur Wien \u2013 Express Service bei iFix.at in 2-4 Stunden!\" \/>\n<meta property=\"og:description\" content=\"iPad Reparatur Wien bei iFix.at. Schneller Service f\u00fcr Display, Akku &amp; mehr. Jetzt vorbeikommen und iPad professionell reparieren lassen!\" \/>\n<meta property=\"og:url\" content=\"https:\/\/web.ifix.at\/de\/ipad-reparatur-wien\/\" \/>\n<meta property=\"og:site_name\" content=\"iFix.at\" \/>\n<meta property=\"article:publisher\" content=\"https:\/\/www.facebook.com\/pages\/category\/Business-Service\/iFixat-deine-Handywerkstatt-1599555726993076\/\" \/>\n<meta property=\"article:modified_time\" content=\"2026-04-01T10:36:24+00:00\" \/>\n<meta property=\"og:image\" content=\"https:\/\/web.ifix.at\/wp-content\/uploads\/2026\/01\/ChatGPT-Image-5.-Jan.-2026-16_21_57-1024x683.png\" \/>\n\t<meta property=\"og:image:width\" content=\"1024\" \/>\n\t<meta property=\"og:image:height\" content=\"683\" \/>\n\t<meta property=\"og:image:type\" content=\"image\/png\" \/>\n<meta name=\"twitter:card\" content=\"summary_large_image\" \/>\n<meta name=\"twitter:label1\" content=\"Gesch\u00e4tzte Lesezeit\" \/>\n\t<meta name=\"twitter:data1\" content=\"3 Minuten\" \/>\n<script type=\"application\/ld+json\" class=\"yoast-schema-graph\">{\"@context\":\"https:\\\/\\\/schema.org\",\"@graph\":[{\"@type\":\"WebPage\",\"@id\":\"https:\\\/\\\/web.ifix.at\\\/ipad-reparatur-wien\",\"url\":\"https:\\\/\\\/web.ifix.at\\\/ipad-reparatur-wien\",\"name\":\"iPad Reparatur Wien \u2013 Express Service bei iFix.at in 2-4 Stunden!\",\"isPartOf\":{\"@id\":\"https:\\\/\\\/web.ifix.at\\\/#website\"},\"primaryImageOfPage\":{\"@id\":\"https:\\\/\\\/web.ifix.at\\\/ipad-reparatur-wien#primaryimage\"},\"image\":{\"@id\":\"https:\\\/\\\/web.ifix.at\\\/ipad-reparatur-wien#primaryimage\"},\"thumbnailUrl\":\"https:\\\/\\\/web.ifix.at\\\/wp-content\\\/uploads\\\/2026\\\/01\\\/ChatGPT-Image-5.-Jan.-2026-16_21_57.png\",\"datePublished\":\"2021-01-13T06:43:40+00:00\",\"dateModified\":\"2026-04-01T10:36:24+00:00\",\"description\":\"iPad Reparatur Wien bei iFix.at. Schneller Service f\u00fcr Display, Akku & mehr. Jetzt vorbeikommen und iPad professionell reparieren lassen!\",\"inLanguage\":\"de-AT\",\"potentialAction\":[{\"@type\":\"ReadAction\",\"target\":[\"https:\\\/\\\/web.ifix.at\\\/ipad-reparatur-wien\"]}]},{\"@type\":\"ImageObject\",\"inLanguage\":\"de-AT\",\"@id\":\"https:\\\/\\\/web.ifix.at\\\/ipad-reparatur-wien#primaryimage\",\"url\":\"https:\\\/\\\/web.ifix.at\\\/wp-content\\\/uploads\\\/2026\\\/01\\\/ChatGPT-Image-5.-Jan.-2026-16_21_57.png\",\"contentUrl\":\"https:\\\/\\\/web.ifix.at\\\/wp-content\\\/uploads\\\/2026\\\/01\\\/ChatGPT-Image-5.-Jan.-2026-16_21_57.png\",\"width\":1536,\"height\":1024,\"caption\":\"ipad reparatur wien,touchglas reparatur ipad akkutausch\"},{\"@type\":\"WebSite\",\"@id\":\"https:\\\/\\\/web.ifix.at\\\/#website\",\"url\":\"https:\\\/\\\/web.ifix.at\\\/\",\"name\":\"iFix.at\",\"description\":\"Express iPhone - iPad - Smartphone Reparaturen in 1010 Wien\",\"publisher\":{\"@id\":\"https:\\\/\\\/web.ifix.at\\\/#organization\"},\"potentialAction\":[{\"@type\":\"SearchAction\",\"target\":{\"@type\":\"EntryPoint\",\"urlTemplate\":\"https:\\\/\\\/web.ifix.at\\\/?s={search_term_string}\"},\"query-input\":{\"@type\":\"PropertyValueSpecification\",\"valueRequired\":true,\"valueName\":\"search_term_string\"}}],\"inLanguage\":\"de-AT\"},{\"@type\":\"Organization\",\"@id\":\"https:\\\/\\\/web.ifix.at\\\/#organization\",\"name\":\"iFix\",\"url\":\"https:\\\/\\\/web.ifix.at\\\/\",\"logo\":{\"@type\":\"ImageObject\",\"inLanguage\":\"de-AT\",\"@id\":\"https:\\\/\\\/web.ifix.at\\\/#\\\/schema\\\/logo\\\/image\\\/\",\"url\":\"https:\\\/\\\/web.ifix.at\\\/wp-content\\\/uploads\\\/2020\\\/12\\\/logo-transparent.png\",\"contentUrl\":\"https:\\\/\\\/web.ifix.at\\\/wp-content\\\/uploads\\\/2020\\\/12\\\/logo-transparent.png\",\"width\":1949,\"height\":500,\"caption\":\"iFix\"},\"image\":{\"@id\":\"https:\\\/\\\/web.ifix.at\\\/#\\\/schema\\\/logo\\\/image\\\/\"},\"sameAs\":[\"https:\\\/\\\/www.facebook.com\\\/pages\\\/category\\\/Business-Service\\\/iFixat-deine-Handywerkstatt-1599555726993076\\\/\",\"https:\\\/\\\/www.instagram.com\\\/ifixvienna\\\/\",\"https:\\\/\\\/www.linkedin.com\\\/in\\\/ifix-wien-a7a997100\\\/\",\"https:\\\/\\\/www.youtube.com\\\/channel\\\/UCTYIels_GZ7WHS9yFyShrlQ\"]}]}<\/script>\n<!-- \/ Yoast SEO plugin. -->","yoast_head_json":{"title":"iPad Reparatur Wien \u2013 Express Service bei iFix.at in 2-4 Stunden!","description":"iPad Reparatur Wien bei iFix.at. Schneller Service f\u00fcr Display, Akku & mehr. Jetzt vorbeikommen und iPad professionell reparieren lassen!","robots":{"index":"index","follow":"follow","max-snippet":"max-snippet:-1","max-image-preview":"max-image-preview:large","max-video-preview":"max-video-preview:-1"},"canonical":"https:\/\/web.ifix.at\/de\/ipad-reparatur-wien\/","og_locale":"de_DE","og_type":"article","og_title":"iPad Reparatur Wien \u2013 Express Service bei iFix.at in 2-4 Stunden!","og_description":"iPad Reparatur Wien bei iFix.at. Schneller Service f\u00fcr Display, Akku & mehr. Jetzt vorbeikommen und iPad professionell reparieren lassen!","og_url":"https:\/\/web.ifix.at\/de\/ipad-reparatur-wien\/","og_site_name":"iFix.at","article_publisher":"https:\/\/www.facebook.com\/pages\/category\/Business-Service\/iFixat-deine-Handywerkstatt-1599555726993076\/","article_modified_time":"2026-04-01T10:36:24+00:00","og_image":[{"width":1024,"height":683,"url":"https:\/\/web.ifix.at\/wp-content\/uploads\/2026\/01\/ChatGPT-Image-5.-Jan.-2026-16_21_57-1024x683.png","type":"image\/png"}],"twitter_card":"summary_large_image","twitter_misc":{"Gesch\u00e4tzte Lesezeit":"3 Minuten"},"schema":{"@context":"https:\/\/schema.org","@graph":[{"@type":"WebPage","@id":"https:\/\/web.ifix.at\/ipad-reparatur-wien","url":"https:\/\/web.ifix.at\/ipad-reparatur-wien","name":"iPad Reparatur Wien \u2013 Express Service bei iFix.at in 2-4 Stunden!","isPartOf":{"@id":"https:\/\/web.ifix.at\/#website"},"primaryImageOfPage":{"@id":"https:\/\/web.ifix.at\/ipad-reparatur-wien#primaryimage"},"image":{"@id":"https:\/\/web.ifix.at\/ipad-reparatur-wien#primaryimage"},"thumbnailUrl":"https:\/\/web.ifix.at\/wp-content\/uploads\/2026\/01\/ChatGPT-Image-5.-Jan.-2026-16_21_57.png","datePublished":"2021-01-13T06:43:40+00:00","dateModified":"2026-04-01T10:36:24+00:00","description":"iPad Reparatur Wien bei iFix.at. Schneller Service f\u00fcr Display, Akku & mehr. Jetzt vorbeikommen und iPad professionell reparieren lassen!","inLanguage":"de-AT","potentialAction":[{"@type":"ReadAction","target":["https:\/\/web.ifix.at\/ipad-reparatur-wien"]}]},{"@type":"ImageObject","inLanguage":"de-AT","@id":"https:\/\/web.ifix.at\/ipad-reparatur-wien#primaryimage","url":"https:\/\/web.ifix.at\/wp-content\/uploads\/2026\/01\/ChatGPT-Image-5.-Jan.-2026-16_21_57.png","contentUrl":"https:\/\/web.ifix.at\/wp-content\/uploads\/2026\/01\/ChatGPT-Image-5.-Jan.-2026-16_21_57.png","width":1536,"height":1024,"caption":"ipad reparatur wien,touchglas reparatur ipad akkutausch"},{"@type":"WebSite","@id":"https:\/\/web.ifix.at\/#website","url":"https:\/\/web.ifix.at\/","name":"iFix.at","description":"Express iPhone - iPad - Smartphone Reparaturen in 1010 Wien","publisher":{"@id":"https:\/\/web.ifix.at\/#organization"},"potentialAction":[{"@type":"SearchAction","target":{"@type":"EntryPoint","urlTemplate":"https:\/\/web.ifix.at\/?s={search_term_string}"},"query-input":{"@type":"PropertyValueSpecification","valueRequired":true,"valueName":"search_term_string"}}],"inLanguage":"de-AT"},{"@type":"Organization","@id":"https:\/\/web.ifix.at\/#organization","name":"iFix","url":"https:\/\/web.ifix.at\/","logo":{"@type":"ImageObject","inLanguage":"de-AT","@id":"https:\/\/web.ifix.at\/#\/schema\/logo\/image\/","url":"https:\/\/web.ifix.at\/wp-content\/uploads\/2020\/12\/logo-transparent.png","contentUrl":"https:\/\/web.ifix.at\/wp-content\/uploads\/2020\/12\/logo-transparent.png","width":1949,"height":500,"caption":"iFix"},"image":{"@id":"https:\/\/web.ifix.at\/#\/schema\/logo\/image\/"},"sameAs":["https:\/\/www.facebook.com\/pages\/category\/Business-Service\/iFixat-deine-Handywerkstatt-1599555726993076\/","https:\/\/www.instagram.com\/ifixvienna\/","https:\/\/www.linkedin.com\/in\/ifix-wien-a7a997100\/","https:\/\/www.youtube.com\/channel\/UCTYIels_GZ7WHS9yFyShrlQ"]}]}},"_links":{"self":[{"href":"https:\/\/web.ifix.at\/de\/wp-json\/wp\/v2\/pages\/7075","targetHints":{"allow":["GET"]}}],"collection":[{"href":"https:\/\/web.ifix.at\/de\/wp-json\/wp\/v2\/pages"}],"about":[{"href":"https:\/\/web.ifix.at\/de\/wp-json\/wp\/v2\/types\/page"}],"author":[{"embeddable":true,"href":"https:\/\/web.ifix.at\/de\/wp-json\/wp\/v2\/users\/1"}],"replies":[{"embeddable":true,"href":"https:\/\/web.ifix.at\/de\/wp-json\/wp\/v2\/comments?post=7075"}],"version-history":[{"count":7,"href":"https:\/\/web.ifix.at\/de\/wp-json\/wp\/v2\/pages\/7075\/revisions"}],"predecessor-version":[{"id":9224,"href":"https:\/\/web.ifix.at\/de\/wp-json\/wp\/v2\/pages\/7075\/revisions\/9224"}],"wp:featuredmedia":[{"embeddable":true,"href":"https:\/\/web.ifix.at\/de\/wp-json\/wp\/v2\/media\/9199"}],"wp:attachment":[{"href":"https:\/\/web.ifix.at\/de\/wp-json\/wp\/v2\/media?parent=7075"}],"curies":[{"name":"wp","href":"https:\/\/api.w.org\/{rel}","templated":true}]}}