{"id":11,"date":"2018-11-15T12:37:47","date_gmt":"2018-11-15T12:37:47","guid":{"rendered":"https:\/\/web.ifix.at\/willkommen\/?page_id=11"},"modified":"2022-02-10T10:01:37","modified_gmt":"2022-02-10T10:01:37","slug":"ifix-kontakt","status":"publish","type":"page","link":"https:\/\/web.ifix.at\/en\/ifix-kontakt","title":{"rendered":"iFix Kontakt"},"content":{"rendered":"\r\n<div class=\"wp-block-columns has-2-columns is-layout-flex wp-container-core-columns-is-layout-9d6595d7 wp-block-columns-is-layout-flex\">\r\n<div class=\"wp-block-column is-layout-flow wp-block-column-is-layout-flow\">\r\n<h1 class=\"wp-block-heading\">iFix Kontakt<\/h1>\r\n\r\n\r\n\r\n<h3 class=\"wp-block-heading\">Haben Sie Fragen?<\/h3>\r\n\r\n\r\n\r\n<h4 class=\"wp-block-heading\">Tel: 01 9909777<br \/>E-mail: <a href=\"mailto:info@ifix.at\">info@ifix.at<\/a><\/h4>\r\n\r\n\r\n\r\n<p><strong>\u00d6ffnungszeiten<\/strong><\/p>\r\n\r\n\r\n\r\n<ul class=\"wp-block-list\">\r\n<li>Montag bis Donnerstag :<br \/>09.30 \u2013 18.30<\/li>\r\n<li>Freitag:<br \/>09.30 \u2013 16.00<\/li>\r\n<li>Samstag &amp; Sonntag geschlossen<\/li>\r\n<\/ul>\r\n\r\n\r\n\r\n<p><strong>Adresse:<\/strong> Rabensteig 1 \u2013 1010 Wien<\/p>\r\n\r\n\r\n\r\n<p>Nur 2-3 Gehminuten vom Schwedenplatz oder vom Stephansplatz entfernt sorgen wir von iFix.at daf\u00fcr, dass ihr iPhone schnell und fachgerecht repariert wird. Dazu \u00fcberpr\u00fcfen wir, welche Defekte an Ihrem Ger\u00e4t vorliegen und beheben diese schnell und zuverl\u00e4ssig.<\/p>\r\n<p><img decoding=\"async\" src=\"https:\/\/www.houseofmobile-berlin.de\/wp-content\/plugins\/home-variable-products\/\/assets\/img\/sidebar\/arrows.svg\" \/> <strong><span class=\"title\">Express Reparatur <\/span><\/strong>in 30 Minuten ohne Termin<\/p>\r\n<p><img decoding=\"async\" src=\"https:\/\/www.houseofmobile-berlin.de\/wp-content\/plugins\/home-variable-products\/\/assets\/img\/sidebar\/ersatzteile.svg\" \/> <strong><span class=\"title\">Ersatzteile in originaler Qualit\u00e4t <\/span><\/strong>Wir verwenden Originalteile oder hochwertige Ersatzteile mit Garantie<\/p>\r\n<p><img decoding=\"async\" src=\"https:\/\/www.houseofmobile-berlin.de\/wp-content\/plugins\/home-variable-products\/\/assets\/img\/sidebar\/coin.svg\" \/> <strong><span class=\"title\">Reparatur zum Fixpreis <\/span><\/strong>Bei unseren Reparaturen gibt es keine versteckte Kosten.<\/p>\r\n<p><img decoding=\"async\" src=\"https:\/\/www.houseofmobile-berlin.de\/wp-content\/plugins\/home-variable-products\/\/assets\/img\/sidebar\/star.svg\" \/> <strong>Erfahrene Techniker <\/strong>Unser Team besteht aus ausgebildeten Fachkr\u00e4ften und Technikern mit jahrelanger Erfahrung.<\/p>\r\n<\/div>\r\n\r\n\r\n\r\n<div class=\"wp-block-column is-layout-flow wp-block-column-is-layout-flow\"><\/div>\r\n<\/div>\r\n\r\n\r\n","protected":false},"excerpt":{"rendered":"<p>iFix Kontakt Haben Sie Fragen? Tel: 01 9909777E-mail: info@ifix.at \u00d6ffnungszeiten Montag bis Donnerstag :09.30 \u2013 18.30 Freitag:09.30 \u2013 16.00 Samstag &amp; Sonntag geschlossen Adresse: Rabensteig 1 \u2013 1010 Wien Nur 2-3 Gehminuten vom Schwedenplatz oder vom Stephansplatz entfernt sorgen wir von iFix.at daf\u00fcr, dass ihr iPhone schnell und fachgerecht repariert wird. Dazu \u00fcberpr\u00fcfen wir, welche [&hellip;]<\/p>\n","protected":false},"author":4,"featured_media":2288,"parent":0,"menu_order":0,"comment_status":"closed","ping_status":"closed","template":"","meta":{"footnotes":""},"class_list":["post-11","page","type-page","status-publish","has-post-thumbnail","hentry"],"yoast_head":"<!-- This site is optimized with the Yoast SEO plugin v27.5 - https:\/\/yoast.com\/product\/yoast-seo-wordpress\/ -->\n<title>iFix Kontakt Tel: 019909777 Rabensteig 1, 1010 Wien<\/title>\n<meta name=\"description\" content=\"iFix.at sorgt daf\u00fcr, dass ihr iPhone iPad Smartphone schnell und fachgerecht repariert wird.\" \/>\n<meta name=\"robots\" content=\"index, follow, max-snippet:-1, max-image-preview:large, max-video-preview:-1\" \/>\n<link rel=\"canonical\" href=\"https:\/\/web.ifix.at\/en\/ifix-kontakt\/\" \/>\n<meta property=\"og:locale\" content=\"en_US\" \/>\n<meta property=\"og:type\" content=\"article\" \/>\n<meta property=\"og:title\" content=\"iFix Kontakt Tel: 019909777 Rabensteig 1, 1010 Wien\" \/>\n<meta property=\"og:description\" content=\"iFix.at sorgt daf\u00fcr, dass ihr iPhone iPad Smartphone schnell und fachgerecht repariert wird.\" \/>\n<meta property=\"og:url\" content=\"https:\/\/web.ifix.at\/en\/ifix-kontakt\/\" \/>\n<meta property=\"og:site_name\" content=\"iFix.at\" \/>\n<meta property=\"article:publisher\" content=\"https:\/\/www.facebook.com\/pages\/category\/Business-Service\/iFixat-deine-Handywerkstatt-1599555726993076\/\" \/>\n<meta property=\"article:modified_time\" content=\"2022-02-10T10:01:37+00:00\" \/>\n<meta name=\"twitter:card\" content=\"summary_large_image\" \/>\n<meta name=\"twitter:label1\" content=\"Est. reading time\" \/>\n\t<meta name=\"twitter:data1\" content=\"2 minutes\" \/>\n<script type=\"application\/ld+json\" class=\"yoast-schema-graph\">{\"@context\":\"https:\\\/\\\/schema.org\",\"@graph\":[{\"@type\":\"WebPage\",\"@id\":\"https:\\\/\\\/web.ifix.at\\\/ifix-kontakt\",\"url\":\"https:\\\/\\\/web.ifix.at\\\/ifix-kontakt\",\"name\":\"iFix Kontakt Tel: 019909777 Rabensteig 1, 1010 Wien\",\"isPartOf\":{\"@id\":\"https:\\\/\\\/web.ifix.at\\\/#website\"},\"primaryImageOfPage\":{\"@id\":\"https:\\\/\\\/web.ifix.at\\\/ifix-kontakt#primaryimage\"},\"image\":{\"@id\":\"https:\\\/\\\/web.ifix.at\\\/ifix-kontakt#primaryimage\"},\"thumbnailUrl\":\"\",\"datePublished\":\"2018-11-15T12:37:47+00:00\",\"dateModified\":\"2022-02-10T10:01:37+00:00\",\"description\":\"iFix.at sorgt daf\u00fcr, dass ihr iPhone iPad Smartphone schnell und fachgerecht repariert wird.\",\"inLanguage\":\"en-US\",\"potentialAction\":[{\"@type\":\"ReadAction\",\"target\":[\"https:\\\/\\\/web.ifix.at\\\/ifix-kontakt\"]}]},{\"@type\":\"ImageObject\",\"inLanguage\":\"en-US\",\"@id\":\"https:\\\/\\\/web.ifix.at\\\/ifix-kontakt#primaryimage\",\"url\":\"\",\"contentUrl\":\"\"},{\"@type\":\"WebSite\",\"@id\":\"https:\\\/\\\/web.ifix.at\\\/#website\",\"url\":\"https:\\\/\\\/web.ifix.at\\\/\",\"name\":\"iFix.at\",\"description\":\"Express iPhone - iPad - Smartphone Reparaturen in 1010 Wien\",\"publisher\":{\"@id\":\"https:\\\/\\\/web.ifix.at\\\/#organization\"},\"potentialAction\":[{\"@type\":\"SearchAction\",\"target\":{\"@type\":\"EntryPoint\",\"urlTemplate\":\"https:\\\/\\\/web.ifix.at\\\/?s={search_term_string}\"},\"query-input\":{\"@type\":\"PropertyValueSpecification\",\"valueRequired\":true,\"valueName\":\"search_term_string\"}}],\"inLanguage\":\"en-US\"},{\"@type\":\"Organization\",\"@id\":\"https:\\\/\\\/web.ifix.at\\\/#organization\",\"name\":\"iFix\",\"url\":\"https:\\\/\\\/web.ifix.at\\\/\",\"logo\":{\"@type\":\"ImageObject\",\"inLanguage\":\"en-US\",\"@id\":\"https:\\\/\\\/web.ifix.at\\\/#\\\/schema\\\/logo\\\/image\\\/\",\"url\":\"https:\\\/\\\/web.ifix.at\\\/wp-content\\\/uploads\\\/2020\\\/12\\\/logo-transparent.png\",\"contentUrl\":\"https:\\\/\\\/web.ifix.at\\\/wp-content\\\/uploads\\\/2020\\\/12\\\/logo-transparent.png\",\"width\":1949,\"height\":500,\"caption\":\"iFix\"},\"image\":{\"@id\":\"https:\\\/\\\/web.ifix.at\\\/#\\\/schema\\\/logo\\\/image\\\/\"},\"sameAs\":[\"https:\\\/\\\/www.facebook.com\\\/pages\\\/category\\\/Business-Service\\\/iFixat-deine-Handywerkstatt-1599555726993076\\\/\",\"https:\\\/\\\/www.instagram.com\\\/ifixvienna\\\/\",\"https:\\\/\\\/www.linkedin.com\\\/in\\\/ifix-wien-a7a997100\\\/\",\"https:\\\/\\\/www.youtube.com\\\/channel\\\/UCTYIels_GZ7WHS9yFyShrlQ\"]}]}<\/script>\n<!-- \/ Yoast SEO plugin. -->","yoast_head_json":{"title":"iFix Kontakt Tel: 019909777 Rabensteig 1, 1010 Wien","description":"iFix.at sorgt daf\u00fcr, dass ihr iPhone iPad Smartphone schnell und fachgerecht repariert wird.","robots":{"index":"index","follow":"follow","max-snippet":"max-snippet:-1","max-image-preview":"max-image-preview:large","max-video-preview":"max-video-preview:-1"},"canonical":"https:\/\/web.ifix.at\/en\/ifix-kontakt\/","og_locale":"en_US","og_type":"article","og_title":"iFix Kontakt Tel: 019909777 Rabensteig 1, 1010 Wien","og_description":"iFix.at sorgt daf\u00fcr, dass ihr iPhone iPad Smartphone schnell und fachgerecht repariert wird.","og_url":"https:\/\/web.ifix.at\/en\/ifix-kontakt\/","og_site_name":"iFix.at","article_publisher":"https:\/\/www.facebook.com\/pages\/category\/Business-Service\/iFixat-deine-Handywerkstatt-1599555726993076\/","article_modified_time":"2022-02-10T10:01:37+00:00","twitter_card":"summary_large_image","twitter_misc":{"Est. reading time":"2 minutes"},"schema":{"@context":"https:\/\/schema.org","@graph":[{"@type":"WebPage","@id":"https:\/\/web.ifix.at\/ifix-kontakt","url":"https:\/\/web.ifix.at\/ifix-kontakt","name":"iFix Kontakt Tel: 019909777 Rabensteig 1, 1010 Wien","isPartOf":{"@id":"https:\/\/web.ifix.at\/#website"},"primaryImageOfPage":{"@id":"https:\/\/web.ifix.at\/ifix-kontakt#primaryimage"},"image":{"@id":"https:\/\/web.ifix.at\/ifix-kontakt#primaryimage"},"thumbnailUrl":"","datePublished":"2018-11-15T12:37:47+00:00","dateModified":"2022-02-10T10:01:37+00:00","description":"iFix.at sorgt daf\u00fcr, dass ihr iPhone iPad Smartphone schnell und fachgerecht repariert wird.","inLanguage":"en-US","potentialAction":[{"@type":"ReadAction","target":["https:\/\/web.ifix.at\/ifix-kontakt"]}]},{"@type":"ImageObject","inLanguage":"en-US","@id":"https:\/\/web.ifix.at\/ifix-kontakt#primaryimage","url":"","contentUrl":""},{"@type":"WebSite","@id":"https:\/\/web.ifix.at\/#website","url":"https:\/\/web.ifix.at\/","name":"iFix.at","description":"Express iPhone - iPad - Smartphone Reparaturen in 1010 Wien","publisher":{"@id":"https:\/\/web.ifix.at\/#organization"},"potentialAction":[{"@type":"SearchAction","target":{"@type":"EntryPoint","urlTemplate":"https:\/\/web.ifix.at\/?s={search_term_string}"},"query-input":{"@type":"PropertyValueSpecification","valueRequired":true,"valueName":"search_term_string"}}],"inLanguage":"en-US"},{"@type":"Organization","@id":"https:\/\/web.ifix.at\/#organization","name":"iFix","url":"https:\/\/web.ifix.at\/","logo":{"@type":"ImageObject","inLanguage":"en-US","@id":"https:\/\/web.ifix.at\/#\/schema\/logo\/image\/","url":"https:\/\/web.ifix.at\/wp-content\/uploads\/2020\/12\/logo-transparent.png","contentUrl":"https:\/\/web.ifix.at\/wp-content\/uploads\/2020\/12\/logo-transparent.png","width":1949,"height":500,"caption":"iFix"},"image":{"@id":"https:\/\/web.ifix.at\/#\/schema\/logo\/image\/"},"sameAs":["https:\/\/www.facebook.com\/pages\/category\/Business-Service\/iFixat-deine-Handywerkstatt-1599555726993076\/","https:\/\/www.instagram.com\/ifixvienna\/","https:\/\/www.linkedin.com\/in\/ifix-wien-a7a997100\/","https:\/\/www.youtube.com\/channel\/UCTYIels_GZ7WHS9yFyShrlQ"]}]}},"_links":{"self":[{"href":"https:\/\/web.ifix.at\/en\/wp-json\/wp\/v2\/pages\/11","targetHints":{"allow":["GET"]}}],"collection":[{"href":"https:\/\/web.ifix.at\/en\/wp-json\/wp\/v2\/pages"}],"about":[{"href":"https:\/\/web.ifix.at\/en\/wp-json\/wp\/v2\/types\/page"}],"author":[{"embeddable":true,"href":"https:\/\/web.ifix.at\/en\/wp-json\/wp\/v2\/users\/4"}],"replies":[{"embeddable":true,"href":"https:\/\/web.ifix.at\/en\/wp-json\/wp\/v2\/comments?post=11"}],"version-history":[{"count":2,"href":"https:\/\/web.ifix.at\/en\/wp-json\/wp\/v2\/pages\/11\/revisions"}],"predecessor-version":[{"id":8767,"href":"https:\/\/web.ifix.at\/en\/wp-json\/wp\/v2\/pages\/11\/revisions\/8767"}],"wp:featuredmedia":[{"embeddable":true,"href":"https:\/\/web.ifix.at\/en\/wp-json\/"}],"wp:attachment":[{"href":"https:\/\/web.ifix.at\/en\/wp-json\/wp\/v2\/media?parent=11"}],"curies":[{"name":"wp","href":"https:\/\/api.w.org\/{rel}","templated":true}]}}