{"id":2012,"date":"2020-09-17T05:22:04","date_gmt":"2020-09-17T05:22:04","guid":{"rendered":"https:\/\/web.ifix.at\/?page_id=2012"},"modified":"2021-04-29T12:52:46","modified_gmt":"2021-04-29T12:52:46","slug":"terms-and-conditions","status":"publish","type":"page","link":"https:\/\/web.ifix.at\/en\/terms-and-conditions","title":{"rendered":"Allgemeine Gesch\u00e4ftsbedingungen"},"content":{"rendered":"<p>Allgemeine Gesch\u00e4ftsbedingungen der Firma iFix.at Eduard Karschigijew<\/p>\n<p>\u00a71 Geltung gegen\u00fcber Unternehmern und Begriffsdefinitionen<\/p>\n<p>(1) Die nachfolgenden Allgemeinen Gesch\u00e4ftbedingungen gelten f\u00fcr alle Lieferungen zwischen uns und einem Verbraucher in ihrer zum Zeitpunkt der Bestellung g\u00fcltigen Fassung.<\/p>\n<p>Verbraucher ist jede nat\u00fcrliche Person, die ein Rechtsgesch\u00e4ft zu Zwecken abschlie\u00dft, die \u00fcberwiegend weder ihrer gewerblichen noch ihrer selbst\u00e4ndigen beruflichen T\u00e4tigkeit zugerechnet werden k\u00f6nnen (\u00a7 13 BGB).<\/p>\n<p>\u00a72 Zustandekommen eines Vertrages, Speicherung des Vertragstextes<\/p>\n<p>(1) Die folgenden Regelungen \u00fcber den Vertragsabschluss gelten f\u00fcr Bestellungen \u00fcber unseren Internetshop https:\/\/web.ifix.at .<\/p>\n<p>(2) Im Falle des Vertragsschlusses kommt der Vertrag mit<br \/>\niFix.at Inh. Eduard Karschigijew<br \/>\nRabensteig 1<br \/>\nA- 1010 Wien<br \/>\nRegisternummer ATU73616535<br \/>\nRegistergericht<\/p>\n<p>zustande.<\/p>\n<p>(3) Die Pr\u00e4sentation der Waren in unserem Internetshop stellen kein rechtlich bindendes Vertragsangebot unsererseits dar, sondern sind nur eine unverbindliche Aufforderungen an den Verbraucher, Waren zu bestellen. Mit der Bestellung der gew\u00fcnschten Ware gibt der Verbraucher ein f\u00fcr ihn verbindliches Angebot auf Abschluss eines Kaufvertrages ab.<\/p>\n<p>Die Bestellung erfolgt in folgenden Schritten:<\/p>\n<p>1) Auswahl der gew\u00fcnschten Ware<br \/>\n2) Best\u00e4tigen durch Anklicken der Buttons \u201eBestellen\u201c<br \/>\n3) Anmeldung im Internetshop nach Registrierung und Eingabe der Anmelderangaben (E-Mail-Adresse und Passwort).<br \/>\n4) Nochmalige Pr\u00fcfung bzw. Berichtigung der jeweiligen eingegebenen Daten.<br \/>\n5) Verbindliche Absendung der Bestellung durch Anklicken des Buttons \u201ekostenpflichtig bestellen\u201c bzw. \u201eAuftag abschliessen\u201c<\/p>\n<p>Der Verbraucher kann vor dem verbindlichen Absenden der Bestellung durch Bet\u00e4tigen der in dem von ihm verwendeten Internet-Browser enthaltenen \u201eZur\u00fcck\u201c-Taste nach Kontrolle seiner Angaben wieder zu der Internetseite gelangen, auf der die Angaben des Kunden erfasst werden und Eingabefehler berichtigen bzw. durch Schlie\u00dfen des Internetbrowsers den Bestellvorgang abbrechen. Wir best\u00e4tigen den Eingang der Bestellung unmittelbar durch eine automatisch generierte E-Mail (\u201eAuftragsbest\u00e4tigung\u201c). Mit dieser nehmen wir Ihr Angebot an.<\/p>\n<p>(5) Speicherung des Vertragstextes bei Bestellungen \u00fcber unseren Internetshop : Wir senden Ihnen die Bestelldaten und unsere AGB per E-Mail zu. Die AGB k\u00f6nnen Sie jederzeit auch unter https:\/\/web.ifix.at einsehen. Ihre Bestelldaten sind aus Sicherheitsgr\u00fcnden nicht mehr \u00fcber das Internet zug\u00e4nglich.<\/p>\n<p>\u00a73 Preise, Versandkosten, Zahlung, F\u00e4lligkeit<\/p>\n<p>(1) Die angegebenen Preise enthalten die gesetzliche Umsatzsteuer und sonstige Preisbestandteile. Hinzu kommen etwaige Versandkosten.<\/p>\n<p>(2) Der Verbraucher hat die M\u00f6glichkeit der Zahlung per Vorkasse, Nachnahme, Bankeinzug, PayPal .<\/p>\n<p>(3) Hat der Verbraucher die Zahlung per Vorkasse gew\u00e4hlt, so verpflichtet er sich, den Kaufpreis unverz\u00fcglich nach Vertragsschluss zu zahlen.<br \/>\nSoweit wir per Nachnahme liefern, tritt die F\u00e4lligkeit der Kaufpreisforderung mit Erhalt der Ware ein.<\/p>\n<p>Achtung: bei offensichtlichen Preisirrt\u00fcmern behalten wir uns das Recht vor, diese richtigzustellen und auch bereits erfolgte Bestellungen nachtr\u00e4glich zu stornieren.<\/p>\n<p>\u00a74 Lieferung<\/p>\n<p>(1) Sofern wir dies in der Produktbeschreibung nicht deutlich anders angegeben haben, sind alle von uns angebotenen Artikel sofort versandfertig. Die Lieferung erfolgt hier sp\u00e4testen innerhalb von 5 Werktagen. Dabei beginnt die Frist f\u00fcr die Lieferung im Falle der Zahlung per Vorkasse am Tag nach Zahlungsauftrag an die mit der \u00dcberweisung beauftragte Bank und bei allen anderen Zahlungsarten am Tag nach Vertragsschluss zu laufen. F\u00e4llt das Fristende auf einen Samstag, Sonntag oder gesetzlichen Feiertag am Lieferort, so endet die Frist am n\u00e4chsten Werktag.<\/p>\n<p>(2) Die Gefahr des zuf\u00e4lligen Untergangs und der zuf\u00e4lligen Verschlechterung der verkauften Sache geht auch beim Versendungskauf erst mit der \u00dcbergabe der Sache an den K\u00e4ufer auf diesen \u00fcber.<\/p>\n<p>\u00a75 Annahmeverzug<\/p>\n<p>(1) Ger\u00e4t der Kunde l\u00e4nger als 2 Wochen in Annahmeverzug (Verweigerung der Annahme, Verzug mit Vorleistungen oder anders), und hat der Kunde trotz angemessener Nachfristsetzung nicht f\u00fcr die Beseitigung der ihm zuzurechnenden Umst\u00e4nde gesorgt d\u00fcrfen wir bei aufrechtem Vertrag \u00fcber die spezifizierten Ger\u00e4te anderweitig verf\u00fcgen.<\/p>\n<p>(2) Bei Annahmeverzug des Kunden sind wir ebenso berechtigt, bei Bestehen auf Vertragserf\u00fcllung die Ware bei uns einzulagern, wof\u00fcr uns eine Lagergeb\u00fchr in H\u00f6he von 30\u20ac zusteht.<\/p>\n<p>(3) Davon unber\u00fchrt bleibt unser Recht, das Entgelt f\u00fcr erbrachte Leistungen f\u00e4llig zu stellen und nach angemessener Nachfrist vom Vertrag zur\u00fcckzutreten.<\/p>\n<p>(4) Im Falle eines berechtigten R\u00fccktritts vom Vertrag d\u00fcrfen wir einen pauschalierten Schadenersatz in H\u00f6he von 20% des Auftragswertes zuz\u00fcglich USt ohne Nachweis des tats\u00e4chlichen Schadens vom Kunden verlangen. Die Verpflichtung zur Zahlung eines Schadenersatzes durch einen unternehmerischen Kunden ist vom Verschulden unabh\u00e4ngig.<\/p>\n<p>(5) Die Geltendmachung eines h\u00f6heren Schadens ist zul\u00e4ssig. Gegen\u00fcber Verbrauchern besteht dieses Recht nur, wenn es im Einzelfall ausgehandelt wird.<\/p>\n<p>\u00a76 Eigentumsvorbehalt<\/p>\n<p>(1) Wir behalten uns das Eigentum an der Ware bis zur vollst\u00e4ndigen Bezahlung des Kaufpreises vor.<\/p>\n<p>(2) Eine Weiterver\u00e4u\u00dferung ist nur zul\u00e4ssig, wenn uns diese rechtzeitig vorher unter Angabe des Namens und der Anschrift des K\u00e4ufers bekannt gegeben wurde und wir der Ver\u00e4u\u00dferung zustimmen.<\/p>\n<p>(3) Davon unber\u00fchrt bleibt unser Recht, das Entgelt f\u00fcr erbrachte Leistungen f\u00e4llig zu stellen und nach angemessener Nachfrist vom Vertrag zur\u00fcckzutreten.<\/p>\n<p>(4) Im Fall unserer Zustimmung gilt die Kaufpreisforderung bereits jetzt als an uns abgetreten.<\/p>\n<p>(5) Ger\u00e4t der Kunde in Zahlungsverzug, sind wir bei angemessener Nachfristsetzung berechtigt, die Vorbehaltsware herauszuverlangen. Gegen\u00fcber Verbrauchern als Kunden d\u00fcrfen wir dieses Recht nur aus\u00fcben, wenn zumindest eine r\u00fcckst\u00e4ndige Leistung des Verbrauchers seit mindestens sechs Wochen f\u00e4llig ist und wir ihn unter Androhung dieser Rechtsfolge und unter Setzung einer Nachfrist von mindestens zwei Wochen erfolglos gemahnt haben.<\/p>\n<p>(6) Der Kunde hat uns von der Er\u00f6ffnung des Konkurses \u00fcber sein Verm\u00f6gen oder der Pf\u00e4ndung unserer Vorbehaltsware unverz\u00fcglich zu verst\u00e4ndigen.<\/p>\n<p>(7) Wir sind berechtigt, zur Geltendmachung unseres Eigentumsvorbehaltes den Standort der Vorbehaltsware soweit f\u00fcr den Kunden zumutbar zu betreten, dies nach angemessener Vorank\u00fcndigung.<\/p>\n<p>(8) Notwendige und zur zweckentsprechenden Rechtsverfolgung angemessene Kosten tr\u00e4gt der Kunde.<\/p>\n<p>(9) In der Geltendmachung des Eigentumsvorbehaltes liegt nur dann ein R\u00fccktritt vom Vertrag, wenn dieser ausdr\u00fccklich erkl\u00e4rt wird.<\/p>\n<p>(10) Die zur\u00fcckgenommene Vorbehaltsware d\u00fcrfen wir gegen\u00fcber unternehmerischen Kunden freih\u00e4ndig und bestm\u00f6glich verwerten.<\/p>\n<p>****************************************************************************************************<\/p>\n<p>\u00a77 Gew\u00e4hrleistung<\/p>\n<p>(1) Die Gew\u00e4hrleistungsfrist f\u00fcr unsere Leistungen betr\u00e4gt gegen\u00fcber unternehmerischen Kunden ein Jahr ab \u00dcbergabe.<\/p>\n<p>(2) Der Zeitpunkt der \u00dcbergabe ist mangels abweichender Vereinbarung (z.B. f\u00f6rmliche Abnahme) der Fertigstellungszeitpunkt, sp\u00e4testens wenn der Kunde die Leistung in seine Verf\u00fcgungsmacht \u00fcbernommen hat oder die \u00dcbernahme ohne Angabe von Gr\u00fcnden verweigert hat.<\/p>\n<p>(3) Behebungen eines vom Kunden behaupteten Mangels stellen kein Anerkenntnis dieses vom Kunden behauptenden Mangels dar.<\/p>\n<p>(4) Zur M\u00e4ngelbehebung sind uns seitens des unternehmerischen Kunden zumindest zwei Versuche einzur\u00e4umen.<\/p>\n<p>(5) Sind die M\u00e4ngelbehauptungen des Kunden unberechtigt, ist der Kunde verpflichtet, uns entstandene Aufwendungen f\u00fcr die Feststellung der M\u00e4ngelfreiheit oder Fehlerbehebung zu ersetzen.<\/p>\n<p>(6) Der unternehmerische Kunde hat stets zu beweisen, dass der Mangel zum \u00dcbergabezeitpunkt bereits vorhanden war.<\/p>\n<p>(7) M\u00e4ngel am Liefergegenstand, die der unternehmerische Kunde bei ordnungsgem\u00e4\u00dfem Gesch\u00e4ftsgang nach Ablieferung durch Untersuchung festgestellt hat oder feststellen h\u00e4tte m\u00fcssen sind unverz\u00fcglich, sp\u00e4testens Tage nach \u00dcbergabe an uns schriftlich anzuzeigen. Versteckte M\u00e4ngel m\u00fcssen ebenfalls in dieser angemessenen Frist ab Entdecken angezeigt werden.<\/p>\n<p>(8) Eine etwaige Nutzung oder Verarbeitung des mangelhaften Leistungsgegenstandes, durch welche ein weitergehender Schaden droht oder eine Ursachenerhebung erschwert oder verhindert wird, ist vom Kunden unverz\u00fcglich einzustellen, soweit dies nicht unzumutbar ist.<\/p>\n<p>(9) Wird eine M\u00e4ngelr\u00fcge nicht rechtzeitig erhoben, gilt die Ware als genehmigt.<\/p>\n<p>(8) Die mangelhafte Lieferung oder Proben davon sind \u2013 sofern wirtschaftlich vertretbar \u2013 vom unternehmerischen Kunden an uns zu retournieren.<\/p>\n<p>(9) Die Kosten f\u00fcr den R\u00fccktransport der mangelhaften Sache an uns tr\u00e4gt zur G\u00e4nze der unternehmerische Kunde.<\/p>\n<p>(10) Den Kunden trifft die Obliegenheit, eine unverz\u00fcgliche Mangelfeststellung durch uns zu erm\u00f6glichen.<\/p>\n<p>\u00a78 Haftung<\/p>\n<p>(1) Wegen Verletzung vertraglicher oder vorvertraglicher Pflichten, insbesondere wegen Unm\u00f6glichkeit, Verzug etc. haften wir bei Verm\u00f6genssch\u00e4den nur in F\u00e4llen von Vorsatz oder grober Fahrl\u00e4ssigkeit.<\/p>\n<p>(2) Gegen\u00fcber unternehmerischen Kunden haften wir abgesehen von Personensch\u00e4den nur, wenn uns grobe Fahrl\u00e4ssigkeit nachgewiesen wird. Unternehmerischen Kunden gegen\u00fcber ist die Haftung auch beschr\u00e4nkt mit dem Haftungsh\u00f6chstbetrag einer allenfalls durch uns abgeschlossenen Haftpflichtversicherung.<\/p>\n<p>(3) Diese Beschr\u00e4nkung gilt auch hinsichtlich des Schadens an einer Sache, die wir zur Bearbeitung \u00fcbernommen haben. Gegen\u00fcber Verbrauchern gilt dies jedoch nur dann, wenn dies einzelvertraglich ausgehandelt wurde.<\/p>\n<p>(4) Schadenersatzanspr\u00fcche unternehmerischer Kunden sind bei sonstigem Verfall binnen sechs Monaten ab Kenntnis vom Schaden gerichtlich geltend zu machen.<\/p>\n<p>(5) Der Haftungsausschluss umfasst auch Anspr\u00fcche gegen unsere Mitarbeiter, Vertreter und Erf\u00fcllungsgehilfe aufgrund Sch\u00e4digungen, die diese dem Kunden \u2013 ohne Bezug auf einen Vertrag ihrerseits mit dem Kunden \u2013 zuf\u00fcgen.<\/p>\n<p>(6) Unsere Haftung ist ausgeschlossen f\u00fcr Sch\u00e4den durch unsachgem\u00e4\u00dfe Behandlung oder Lagerung, \u00dcberbeanspruchung, Nichtbefolgen von Bedienungs- und Installationsvorschriften, fehlerhafter Montage, Inbetriebnahme, Wartung, Instandhaltung durch den Kunden oder nicht von uns autorisierte Dritte, oder nat\u00fcrliche Abnutzung, sofern dieses Ereignis kausal f\u00fcr den Schaden war. Ebenso besteht der Haftungsausschluss f\u00fcr Unterlassung notwendiger Wartungen, sofern wir nicht vertraglich die Pflicht zur Wartung \u00fcbernommen haben.<\/p>\n<p>(7) Wenn und soweit der Kunde f\u00fcr Sch\u00e4den, f\u00fcr die wir haften, Versicherungsleistungen durch eine eigene oder zu seinen Gunsten abgeschlossen Schadenversicherung (z.B. Haftpflichtversicherung, Kasko, Transport, Feuer, Betriebsunterbrechung und andere) in Anspruch nehmen kann, verpflichtet sich der Kunde zur Inanspruchnahme der Versicherungsleistung und beschr\u00e4nkt sich unsere Haftung insoweit auf die Nachteile, die dem Kunden durch die Inanspruchnahme dieser Versicherung entstehen (z.B. h\u00f6here Versicherungspr\u00e4mie).<\/p>\n<p>\u00a79 Salvatorische Klausel<\/p>\n<p>(1) Sollten einzelne Teile dieser AGB unwirksam sein, so wird dadurch die G\u00fcltigkeit der \u00fcbrigen Teile nicht ber\u00fchrt.<\/p>\n<p>(2) Wir wie ebenso wie der unternehmerische Kunde verpflichten uns jetzt schon, gemeinsam \u2013 ausgehend vom Horizont redlicher Vertragsparteien \u2013 eine Ersatzregelung zu treffen, die dem wirtschaftlichen Ergebnis der unwirksamen Bedingung am n\u00e4chsten kommt.<\/p>\n<p>\u00a710 Widerrufsrecht des Kunden als Verbraucher<\/p>\n<p>Widerrufsrecht f\u00fcr Verbraucher<\/p>\n<p>Verbrauchern steht ein Widerrufsrecht nach folgender Ma\u00dfgabe zu, wobei Verbraucher jede nat\u00fcrliche Person ist, die ein Rechtsgesch\u00e4ft zu Zwecken abschlie\u00dft, die \u00fcberwiegend weder ihrer gewerblichen noch ihrer selbst\u00e4ndigen beruflichen T\u00e4tigkeit zugerechnet werden k\u00f6nnen:<\/p>\n<p>Widerrufsbelehrung<br \/>\nWiderrufsrecht<\/p>\n<p>Sie haben das Recht, binnen 7 Tagen ohne Angabe von Gr\u00fcnden diesen Vertrag zu widerrufen.<br \/>\nDie Widerrufsfrist betr\u00e4gt vierzehn Tage, ab dem Tag des Vertragsabschlusses.<\/p>\n<p>Um Ihr Widerrufsrecht auszu\u00fcben, m\u00fcssen Sie uns<\/p>\n<p>iFix.at Inh. Eduard Karschigijew<br \/>\nRabensteig 1<br \/>\n1010 Wien<\/p>\n<p>mittels einer eindeutigen Erkl\u00e4rung (z.B. ein mit der Post versandter Brief, Telefax oder E-Mail) \u00fcber Ihren Entschluss, diesen Vertrag zu widerrufen, informieren. Sie k\u00f6nnen daf\u00fcr das beigef\u00fcgte Muster-Widerrufsformular verwenden, das jedoch nicht vorgeschrieben ist.<\/p>\n<p>Zur Wahrung der Widerrufsfrist reicht es aus, dass Sie die Mitteilung \u00fcber die Aus\u00fcbung des Widerrufsrechts vor Ablauf der Widerrufsfrist absenden.<\/p>\n<p>Widerrufsfolgen<\/p>\n<p>Wenn Sie diesen Vertrag widerrufen, haben wir Ihnen alle Zahlungen, die wir von Ihnen erhalten haben, einschlie\u00dflich der Lieferkosten (mit Ausnahme der zus\u00e4tzlichen Kosten, die sich daraus ergeben, dass Sie eine andere Art der Lieferung als die von uns angebotene, g\u00fcnstigste Standardlieferung gew\u00e4hlt haben), unverz\u00fcglich und sp\u00e4testens binnen vierzehn Tagen ab dem Tag zur\u00fcckzuzahlen, an dem die Mitteilung \u00fcber Ihren Widerruf dieses Vertrags bei uns eingegangen ist. F\u00fcr diese R\u00fcckzahlung verwenden wir dasselbe Zahlungsmittel, das Sie bei der urspr\u00fcnglichen Transaktion eingesetzt haben, es sei denn, mit Ihnen wurde ausdr\u00fccklich etwas anderes vereinbart; in keinem Fall werden Ihnen wegen dieser R\u00fcckzahlung Entgelte berechnet.<\/p>\n<p>Haben Sie verlangt, dass die Dienstleistungen w\u00e4hrend der Widerrufsfrist beginnen soll, so haben Sie uns einen angemessenen Betrag zu zahlen, der dem Anteil der bis zu dem Zeitpunkt, zu dem Sie uns von der Aus\u00fcbung des Widerrufsrechts hinsichtlich dieses Vertrags unterrichten, bereits erbrachten Dienstleistungen im Vergleich zum Gesamtumfang der im Vertrag vorgesehenen Dienstleistungen entspricht.<\/p>\n<p>Ende der Widerrufsbelehrung<\/p>\n<p>****************************************************************************************************<\/p>\n<p>\u00a711 Widerrufsformular<\/p>\n<p>Bitte senden Sie uns ein Widerrufsfurmular an<\/p>\n<p>E-Mail<\/p>\n<p>\u00a712 Gew\u00e4hrleistung<\/p>\n<p>Es gelten die gesetzlichen Gew\u00e4hrleistungsregelungen.<\/p>\n<p>\u00a713 Vertragsprache<\/p>\n<p>Als Vertragssprache steht ausschlie\u00dflich Deutsch zur Verf\u00fcgung.<\/p>\n<p>****************************************************************************************************<\/p>\n<p>\u00a714 Kundendienst<\/p>\n<p>Unser Kundendienst f\u00fcr Fragen, Reklamationen und Beanstandungen steht Ihnen werktags von 9:30 Uhr bis 17:30 Uhr unter<\/p>\n<p>Telefon: 0043 1 9909777<br \/>\nTelefax: 0043 1 9909777<\/p>\n<p>zur Verf\u00fcgung.<\/p>\n<p>****************************************************************************************************<\/p>\n<p>Stand der AGB Sep.2020<\/p>\n<p>AGB erstellt von agb.de<\/p>\n","protected":false},"excerpt":{"rendered":"<p>Allgemeine Gesch\u00e4ftsbedingungen der Firma iFix.at Eduard Karschigijew \u00a71 Geltung gegen\u00fcber Unternehmern und Begriffsdefinitionen (1) Die nachfolgenden Allgemeinen Gesch\u00e4ftbedingungen gelten f\u00fcr alle Lieferungen zwischen uns und einem Verbraucher in ihrer zum Zeitpunkt der Bestellung g\u00fcltigen Fassung. Verbraucher ist jede nat\u00fcrliche Person, die ein Rechtsgesch\u00e4ft zu Zwecken abschlie\u00dft, die \u00fcberwiegend weder ihrer gewerblichen noch ihrer selbst\u00e4ndigen beruflichen [&hellip;]<\/p>\n","protected":false},"author":1,"featured_media":0,"parent":0,"menu_order":0,"comment_status":"closed","ping_status":"closed","template":"","meta":{"footnotes":""},"class_list":["post-2012","page","type-page","status-publish","hentry"],"yoast_head":"<!-- This site is optimized with the Yoast SEO plugin v27.4 - https:\/\/yoast.com\/product\/yoast-seo-wordpress\/ -->\n<title>Allgemeine Gesch\u00e4ftsbedingungen &#8226; iFix.at Express Reparatur Wien \u2713<\/title>\n<meta name=\"description\" content=\"Express iPhone - iPad - Smartphone Reparaturen in 1010 Wien &#8226; schnell und unkompliziert bei iFix &#8226; Displaytausch 399\" \/>\n<meta name=\"robots\" content=\"index, follow, max-snippet:-1, max-image-preview:large, max-video-preview:-1\" \/>\n<link rel=\"canonical\" href=\"https:\/\/web.ifix.at\/en\/terms-and-conditions\/\" \/>\n<meta property=\"og:locale\" content=\"en_US\" \/>\n<meta property=\"og:type\" content=\"article\" \/>\n<meta property=\"og:title\" content=\"Allgemeine Gesch\u00e4ftsbedingungen &#8226; iFix.at Express Reparatur Wien \u2713\" \/>\n<meta property=\"og:description\" content=\"Express iPhone - iPad - Smartphone Reparaturen in 1010 Wien &#8226; schnell und unkompliziert bei iFix &#8226; Displaytausch 399\" \/>\n<meta property=\"og:url\" content=\"https:\/\/web.ifix.at\/en\/terms-and-conditions\/\" \/>\n<meta property=\"og:site_name\" content=\"iFix.at\" \/>\n<meta property=\"article:publisher\" content=\"https:\/\/www.facebook.com\/pages\/category\/Business-Service\/iFixat-deine-Handywerkstatt-1599555726993076\/\" \/>\n<meta property=\"article:modified_time\" content=\"2021-04-29T12:52:46+00:00\" \/>\n<meta name=\"twitter:card\" content=\"summary_large_image\" \/>\n<meta name=\"twitter:label1\" content=\"Est. reading time\" \/>\n\t<meta name=\"twitter:data1\" content=\"10 minutes\" \/>\n<script type=\"application\/ld+json\" class=\"yoast-schema-graph\">{\"@context\":\"https:\\\/\\\/schema.org\",\"@graph\":[{\"@type\":\"WebPage\",\"@id\":\"https:\\\/\\\/web.ifix.at\\\/terms-and-conditions\",\"url\":\"https:\\\/\\\/web.ifix.at\\\/terms-and-conditions\",\"name\":\"Allgemeine Gesch\u00e4ftsbedingungen &#8226; iFix.at Express Reparatur Wien \u2713\",\"isPartOf\":{\"@id\":\"https:\\\/\\\/web.ifix.at\\\/#website\"},\"datePublished\":\"2020-09-17T05:22:04+00:00\",\"dateModified\":\"2021-04-29T12:52:46+00:00\",\"description\":\"Express iPhone - iPad - Smartphone Reparaturen in 1010 Wien &#8226; schnell und unkompliziert bei iFix &#8226; Displaytausch 399\",\"inLanguage\":\"en-US\",\"potentialAction\":[{\"@type\":\"ReadAction\",\"target\":[\"https:\\\/\\\/web.ifix.at\\\/terms-and-conditions\"]}]},{\"@type\":\"WebSite\",\"@id\":\"https:\\\/\\\/web.ifix.at\\\/#website\",\"url\":\"https:\\\/\\\/web.ifix.at\\\/\",\"name\":\"iFix.at\",\"description\":\"Express iPhone - iPad - Smartphone Reparaturen in 1010 Wien\",\"publisher\":{\"@id\":\"https:\\\/\\\/web.ifix.at\\\/#organization\"},\"potentialAction\":[{\"@type\":\"SearchAction\",\"target\":{\"@type\":\"EntryPoint\",\"urlTemplate\":\"https:\\\/\\\/web.ifix.at\\\/?s={search_term_string}\"},\"query-input\":{\"@type\":\"PropertyValueSpecification\",\"valueRequired\":true,\"valueName\":\"search_term_string\"}}],\"inLanguage\":\"en-US\"},{\"@type\":\"Organization\",\"@id\":\"https:\\\/\\\/web.ifix.at\\\/#organization\",\"name\":\"iFix\",\"url\":\"https:\\\/\\\/web.ifix.at\\\/\",\"logo\":{\"@type\":\"ImageObject\",\"inLanguage\":\"en-US\",\"@id\":\"https:\\\/\\\/web.ifix.at\\\/#\\\/schema\\\/logo\\\/image\\\/\",\"url\":\"https:\\\/\\\/web.ifix.at\\\/wp-content\\\/uploads\\\/2020\\\/12\\\/logo-transparent.png\",\"contentUrl\":\"https:\\\/\\\/web.ifix.at\\\/wp-content\\\/uploads\\\/2020\\\/12\\\/logo-transparent.png\",\"width\":1949,\"height\":500,\"caption\":\"iFix\"},\"image\":{\"@id\":\"https:\\\/\\\/web.ifix.at\\\/#\\\/schema\\\/logo\\\/image\\\/\"},\"sameAs\":[\"https:\\\/\\\/www.facebook.com\\\/pages\\\/category\\\/Business-Service\\\/iFixat-deine-Handywerkstatt-1599555726993076\\\/\",\"https:\\\/\\\/www.instagram.com\\\/ifixvienna\\\/\",\"https:\\\/\\\/www.linkedin.com\\\/in\\\/ifix-wien-a7a997100\\\/\",\"https:\\\/\\\/www.youtube.com\\\/channel\\\/UCTYIels_GZ7WHS9yFyShrlQ\"]}]}<\/script>\n<!-- \/ Yoast SEO plugin. -->","yoast_head_json":{"title":"Allgemeine Gesch\u00e4ftsbedingungen &#8226; iFix.at Express Reparatur Wien \u2713","description":"Express iPhone - iPad - Smartphone Reparaturen in 1010 Wien &#8226; schnell und unkompliziert bei iFix &#8226; Displaytausch 399","robots":{"index":"index","follow":"follow","max-snippet":"max-snippet:-1","max-image-preview":"max-image-preview:large","max-video-preview":"max-video-preview:-1"},"canonical":"https:\/\/web.ifix.at\/en\/terms-and-conditions\/","og_locale":"en_US","og_type":"article","og_title":"Allgemeine Gesch\u00e4ftsbedingungen &#8226; iFix.at Express Reparatur Wien \u2713","og_description":"Express iPhone - iPad - Smartphone Reparaturen in 1010 Wien &#8226; schnell und unkompliziert bei iFix &#8226; Displaytausch 399","og_url":"https:\/\/web.ifix.at\/en\/terms-and-conditions\/","og_site_name":"iFix.at","article_publisher":"https:\/\/www.facebook.com\/pages\/category\/Business-Service\/iFixat-deine-Handywerkstatt-1599555726993076\/","article_modified_time":"2021-04-29T12:52:46+00:00","twitter_card":"summary_large_image","twitter_misc":{"Est. reading time":"10 minutes"},"schema":{"@context":"https:\/\/schema.org","@graph":[{"@type":"WebPage","@id":"https:\/\/web.ifix.at\/terms-and-conditions","url":"https:\/\/web.ifix.at\/terms-and-conditions","name":"Allgemeine Gesch\u00e4ftsbedingungen &#8226; iFix.at Express Reparatur Wien \u2713","isPartOf":{"@id":"https:\/\/web.ifix.at\/#website"},"datePublished":"2020-09-17T05:22:04+00:00","dateModified":"2021-04-29T12:52:46+00:00","description":"Express iPhone - iPad - Smartphone Reparaturen in 1010 Wien &#8226; schnell und unkompliziert bei iFix &#8226; Displaytausch 399","inLanguage":"en-US","potentialAction":[{"@type":"ReadAction","target":["https:\/\/web.ifix.at\/terms-and-conditions"]}]},{"@type":"WebSite","@id":"https:\/\/web.ifix.at\/#website","url":"https:\/\/web.ifix.at\/","name":"iFix.at","description":"Express iPhone - iPad - Smartphone Reparaturen in 1010 Wien","publisher":{"@id":"https:\/\/web.ifix.at\/#organization"},"potentialAction":[{"@type":"SearchAction","target":{"@type":"EntryPoint","urlTemplate":"https:\/\/web.ifix.at\/?s={search_term_string}"},"query-input":{"@type":"PropertyValueSpecification","valueRequired":true,"valueName":"search_term_string"}}],"inLanguage":"en-US"},{"@type":"Organization","@id":"https:\/\/web.ifix.at\/#organization","name":"iFix","url":"https:\/\/web.ifix.at\/","logo":{"@type":"ImageObject","inLanguage":"en-US","@id":"https:\/\/web.ifix.at\/#\/schema\/logo\/image\/","url":"https:\/\/web.ifix.at\/wp-content\/uploads\/2020\/12\/logo-transparent.png","contentUrl":"https:\/\/web.ifix.at\/wp-content\/uploads\/2020\/12\/logo-transparent.png","width":1949,"height":500,"caption":"iFix"},"image":{"@id":"https:\/\/web.ifix.at\/#\/schema\/logo\/image\/"},"sameAs":["https:\/\/www.facebook.com\/pages\/category\/Business-Service\/iFixat-deine-Handywerkstatt-1599555726993076\/","https:\/\/www.instagram.com\/ifixvienna\/","https:\/\/www.linkedin.com\/in\/ifix-wien-a7a997100\/","https:\/\/www.youtube.com\/channel\/UCTYIels_GZ7WHS9yFyShrlQ"]}]}},"_links":{"self":[{"href":"https:\/\/web.ifix.at\/en\/wp-json\/wp\/v2\/pages\/2012","targetHints":{"allow":["GET"]}}],"collection":[{"href":"https:\/\/web.ifix.at\/en\/wp-json\/wp\/v2\/pages"}],"about":[{"href":"https:\/\/web.ifix.at\/en\/wp-json\/wp\/v2\/types\/page"}],"author":[{"embeddable":true,"href":"https:\/\/web.ifix.at\/en\/wp-json\/wp\/v2\/users\/1"}],"replies":[{"embeddable":true,"href":"https:\/\/web.ifix.at\/en\/wp-json\/wp\/v2\/comments?post=2012"}],"version-history":[{"count":5,"href":"https:\/\/web.ifix.at\/en\/wp-json\/wp\/v2\/pages\/2012\/revisions"}],"predecessor-version":[{"id":2111,"href":"https:\/\/web.ifix.at\/en\/wp-json\/wp\/v2\/pages\/2012\/revisions\/2111"}],"wp:attachment":[{"href":"https:\/\/web.ifix.at\/en\/wp-json\/wp\/v2\/media?parent=2012"}],"curies":[{"name":"wp","href":"https:\/\/api.w.org\/{rel}","templated":true}]}}