{"id":342,"date":"2019-02-21T08:47:14","date_gmt":"2019-02-21T08:47:14","guid":{"rendered":"https:\/\/web.ifix.at\/willkommen\/?page_id=342"},"modified":"2019-02-21T08:47:14","modified_gmt":"2019-02-21T08:47:14","slug":"wasserschaden","status":"publish","type":"page","link":"https:\/\/web.ifix.at\/en\/wasserschaden","title":{"rendered":"Wasserschaden"},"content":{"rendered":"<h2>Handy Wasserschaden Reparatur, was nun?!<\/h2>\n<p>Ob beim Regen telefoniert, ein kurzes Bad im Wasser oder hohe Luftfeuchtigkeit \u2013 das Resultat sind oft Kurzschl\u00fcsse auf der Platine durch die R\u00fcckst\u00e4nde aus dem Wasser welche Korrosionen bilden.<\/p>\n<p>Da hilft leider auch kein Reis, kein Katzenstreu, keine Heizung oder die Bearbeitung mit dem F\u00f6hn.<\/p>\n<p>Abhilfe und eine dauerhafte L\u00f6sung bringt nur das komplette Zerlegen des Smartphones.<\/p>\n<h4>WICHTIGE Schritte bei Kontakt des Smartphones mit Wasser:<\/h4>\n<ul>\n<li>Akku entfernen<\/li>\n<li>Grob trocknen<\/li>\n<li>Akku nicht wieder einlegen<\/li>\n<li>Ger\u00e4t in eine Plastikt\u00fcte packen und verschlie\u00dfen<\/li>\n<li>Zu uns bringen f\u00fcr die professionelle Zerlegung und Reinigung<\/li>\n<\/ul>\n<p>Die Kosten f\u00fcr die Reinigung betragen zwischen 50,- und 75,- Euro (abh\u00e4ngig vom Model &amp; Schaden) dauer 1-3 Werktage. Sollte eine Reparatur nicht m\u00f6glich sein, berechnen wir eine Aufwandspauschale von 25 Euro. Sollten Sie mehr Sch\u00e4den auf ihrem Ger\u00e4t haben, wird ihnen ein Kostenvoranschlag erstellt und Sie werden telefonisch dar\u00fcber informiert.<\/p>\n<p>Je nach St\u00e4rke des Schadens und je nach Verhalten des Nutzers stehen die Chancen bei ca. 70%-80% das Handy wieder zu reparieren.<\/p>\n<p>Es kann passieren, dass die Daten, die auf Ihrem Ger\u00e4t waren, nach einem Wasserschaden gel\u00f6scht sein k\u00f6nnen, darauf haben wir leider keinen Einfluss.<\/p>\n<p>Langj\u00e4hrige Erfahrung und hervorragend ausgebildete Techniker garantieren einen sorgf\u00e4ltigen und gewissenhaften Umgang bei der Reparatur Ihres defekten Ger\u00e4tes.<\/p>\n<p>Wir sind die richtige Adresse falls es um eine iPhone, Smartphone, Handy Wasserschaden Reparatur geht.<\/p>\n","protected":false},"excerpt":{"rendered":"<p>Handy Wasserschaden Reparatur, was nun?! Ob beim Regen telefoniert, ein kurzes Bad im Wasser oder hohe Luftfeuchtigkeit \u2013 das Resultat sind oft Kurzschl\u00fcsse auf der Platine durch die R\u00fcckst\u00e4nde aus dem Wasser welche Korrosionen bilden. Da hilft leider auch kein Reis, kein Katzenstreu, keine Heizung oder die Bearbeitung mit dem F\u00f6hn. Abhilfe und eine dauerhafte [&hellip;]<\/p>\n","protected":false},"author":4,"featured_media":0,"parent":0,"menu_order":0,"comment_status":"closed","ping_status":"closed","template":"","meta":{"footnotes":""},"class_list":["post-342","page","type-page","status-publish","hentry"],"yoast_head":"<!-- This site is optimized with the Yoast SEO plugin v27.5 - https:\/\/yoast.com\/product\/yoast-seo-wordpress\/ -->\n<title>Wasserschaden &#8226; iFix.at Express Reparatur Wien \u2713<\/title>\n<meta name=\"description\" content=\"hr Spezialist f\u00fcr die fachgerechte Handy &amp; iPhone Reparatur Wien. Ob Displayreparatur, Akku-Wechsel oder Wasserschaden - schnell, kompetent &amp; preiswert.\" \/>\n<meta name=\"robots\" content=\"index, follow, max-snippet:-1, max-image-preview:large, max-video-preview:-1\" \/>\n<link rel=\"canonical\" href=\"https:\/\/web.ifix.at\/en\/wasserschaden\/\" \/>\n<meta property=\"og:locale\" content=\"en_US\" \/>\n<meta property=\"og:type\" content=\"article\" \/>\n<meta property=\"og:title\" content=\"Wasserschaden &#8226; iFix.at Express Reparatur Wien \u2713\" \/>\n<meta property=\"og:description\" content=\"hr Spezialist f\u00fcr die fachgerechte Handy &amp; iPhone Reparatur Wien. Ob Displayreparatur, Akku-Wechsel oder Wasserschaden - schnell, kompetent &amp; preiswert.\" \/>\n<meta property=\"og:url\" content=\"https:\/\/web.ifix.at\/en\/wasserschaden\/\" \/>\n<meta property=\"og:site_name\" content=\"iFix.at\" \/>\n<meta property=\"article:publisher\" content=\"https:\/\/www.facebook.com\/pages\/category\/Business-Service\/iFixat-deine-Handywerkstatt-1599555726993076\/\" \/>\n<meta name=\"twitter:card\" content=\"summary_large_image\" \/>\n<meta name=\"twitter:label1\" content=\"Est. reading time\" \/>\n\t<meta name=\"twitter:data1\" content=\"1 minute\" \/>\n<script type=\"application\/ld+json\" class=\"yoast-schema-graph\">{\"@context\":\"https:\\\/\\\/schema.org\",\"@graph\":[{\"@type\":\"WebPage\",\"@id\":\"https:\\\/\\\/web.ifix.at\\\/wasserschaden\",\"url\":\"https:\\\/\\\/web.ifix.at\\\/wasserschaden\",\"name\":\"Wasserschaden &#8226; iFix.at Express Reparatur Wien \u2713\",\"isPartOf\":{\"@id\":\"https:\\\/\\\/web.ifix.at\\\/#website\"},\"datePublished\":\"2019-02-21T08:47:14+00:00\",\"description\":\"hr Spezialist f\u00fcr die fachgerechte Handy & iPhone Reparatur Wien. Ob Displayreparatur, Akku-Wechsel oder Wasserschaden - schnell, kompetent & preiswert.\",\"inLanguage\":\"en-US\",\"potentialAction\":[{\"@type\":\"ReadAction\",\"target\":[\"https:\\\/\\\/web.ifix.at\\\/wasserschaden\"]}]},{\"@type\":\"WebSite\",\"@id\":\"https:\\\/\\\/web.ifix.at\\\/#website\",\"url\":\"https:\\\/\\\/web.ifix.at\\\/\",\"name\":\"iFix.at\",\"description\":\"Express iPhone - iPad - Smartphone Reparaturen in 1010 Wien\",\"publisher\":{\"@id\":\"https:\\\/\\\/web.ifix.at\\\/#organization\"},\"potentialAction\":[{\"@type\":\"SearchAction\",\"target\":{\"@type\":\"EntryPoint\",\"urlTemplate\":\"https:\\\/\\\/web.ifix.at\\\/?s={search_term_string}\"},\"query-input\":{\"@type\":\"PropertyValueSpecification\",\"valueRequired\":true,\"valueName\":\"search_term_string\"}}],\"inLanguage\":\"en-US\"},{\"@type\":\"Organization\",\"@id\":\"https:\\\/\\\/web.ifix.at\\\/#organization\",\"name\":\"iFix\",\"url\":\"https:\\\/\\\/web.ifix.at\\\/\",\"logo\":{\"@type\":\"ImageObject\",\"inLanguage\":\"en-US\",\"@id\":\"https:\\\/\\\/web.ifix.at\\\/#\\\/schema\\\/logo\\\/image\\\/\",\"url\":\"https:\\\/\\\/web.ifix.at\\\/wp-content\\\/uploads\\\/2020\\\/12\\\/logo-transparent.png\",\"contentUrl\":\"https:\\\/\\\/web.ifix.at\\\/wp-content\\\/uploads\\\/2020\\\/12\\\/logo-transparent.png\",\"width\":1949,\"height\":500,\"caption\":\"iFix\"},\"image\":{\"@id\":\"https:\\\/\\\/web.ifix.at\\\/#\\\/schema\\\/logo\\\/image\\\/\"},\"sameAs\":[\"https:\\\/\\\/www.facebook.com\\\/pages\\\/category\\\/Business-Service\\\/iFixat-deine-Handywerkstatt-1599555726993076\\\/\",\"https:\\\/\\\/www.instagram.com\\\/ifixvienna\\\/\",\"https:\\\/\\\/www.linkedin.com\\\/in\\\/ifix-wien-a7a997100\\\/\",\"https:\\\/\\\/www.youtube.com\\\/channel\\\/UCTYIels_GZ7WHS9yFyShrlQ\"]}]}<\/script>\n<!-- \/ Yoast SEO plugin. -->","yoast_head_json":{"title":"Wasserschaden &#8226; iFix.at Express Reparatur Wien \u2713","description":"hr Spezialist f\u00fcr die fachgerechte Handy & iPhone Reparatur Wien. Ob Displayreparatur, Akku-Wechsel oder Wasserschaden - schnell, kompetent & preiswert.","robots":{"index":"index","follow":"follow","max-snippet":"max-snippet:-1","max-image-preview":"max-image-preview:large","max-video-preview":"max-video-preview:-1"},"canonical":"https:\/\/web.ifix.at\/en\/wasserschaden\/","og_locale":"en_US","og_type":"article","og_title":"Wasserschaden &#8226; iFix.at Express Reparatur Wien \u2713","og_description":"hr Spezialist f\u00fcr die fachgerechte Handy & iPhone Reparatur Wien. Ob Displayreparatur, Akku-Wechsel oder Wasserschaden - schnell, kompetent & preiswert.","og_url":"https:\/\/web.ifix.at\/en\/wasserschaden\/","og_site_name":"iFix.at","article_publisher":"https:\/\/www.facebook.com\/pages\/category\/Business-Service\/iFixat-deine-Handywerkstatt-1599555726993076\/","twitter_card":"summary_large_image","twitter_misc":{"Est. reading time":"1 minute"},"schema":{"@context":"https:\/\/schema.org","@graph":[{"@type":"WebPage","@id":"https:\/\/web.ifix.at\/wasserschaden","url":"https:\/\/web.ifix.at\/wasserschaden","name":"Wasserschaden &#8226; iFix.at Express Reparatur Wien \u2713","isPartOf":{"@id":"https:\/\/web.ifix.at\/#website"},"datePublished":"2019-02-21T08:47:14+00:00","description":"hr Spezialist f\u00fcr die fachgerechte Handy & iPhone Reparatur Wien. Ob Displayreparatur, Akku-Wechsel oder Wasserschaden - schnell, kompetent & preiswert.","inLanguage":"en-US","potentialAction":[{"@type":"ReadAction","target":["https:\/\/web.ifix.at\/wasserschaden"]}]},{"@type":"WebSite","@id":"https:\/\/web.ifix.at\/#website","url":"https:\/\/web.ifix.at\/","name":"iFix.at","description":"Express iPhone - iPad - Smartphone Reparaturen in 1010 Wien","publisher":{"@id":"https:\/\/web.ifix.at\/#organization"},"potentialAction":[{"@type":"SearchAction","target":{"@type":"EntryPoint","urlTemplate":"https:\/\/web.ifix.at\/?s={search_term_string}"},"query-input":{"@type":"PropertyValueSpecification","valueRequired":true,"valueName":"search_term_string"}}],"inLanguage":"en-US"},{"@type":"Organization","@id":"https:\/\/web.ifix.at\/#organization","name":"iFix","url":"https:\/\/web.ifix.at\/","logo":{"@type":"ImageObject","inLanguage":"en-US","@id":"https:\/\/web.ifix.at\/#\/schema\/logo\/image\/","url":"https:\/\/web.ifix.at\/wp-content\/uploads\/2020\/12\/logo-transparent.png","contentUrl":"https:\/\/web.ifix.at\/wp-content\/uploads\/2020\/12\/logo-transparent.png","width":1949,"height":500,"caption":"iFix"},"image":{"@id":"https:\/\/web.ifix.at\/#\/schema\/logo\/image\/"},"sameAs":["https:\/\/www.facebook.com\/pages\/category\/Business-Service\/iFixat-deine-Handywerkstatt-1599555726993076\/","https:\/\/www.instagram.com\/ifixvienna\/","https:\/\/www.linkedin.com\/in\/ifix-wien-a7a997100\/","https:\/\/www.youtube.com\/channel\/UCTYIels_GZ7WHS9yFyShrlQ"]}]}},"_links":{"self":[{"href":"https:\/\/web.ifix.at\/en\/wp-json\/wp\/v2\/pages\/342","targetHints":{"allow":["GET"]}}],"collection":[{"href":"https:\/\/web.ifix.at\/en\/wp-json\/wp\/v2\/pages"}],"about":[{"href":"https:\/\/web.ifix.at\/en\/wp-json\/wp\/v2\/types\/page"}],"author":[{"embeddable":true,"href":"https:\/\/web.ifix.at\/en\/wp-json\/wp\/v2\/users\/4"}],"replies":[{"embeddable":true,"href":"https:\/\/web.ifix.at\/en\/wp-json\/wp\/v2\/comments?post=342"}],"version-history":[{"count":0,"href":"https:\/\/web.ifix.at\/en\/wp-json\/wp\/v2\/pages\/342\/revisions"}],"wp:attachment":[{"href":"https:\/\/web.ifix.at\/en\/wp-json\/wp\/v2\/media?parent=342"}],"curies":[{"name":"wp","href":"https:\/\/api.w.org\/{rel}","templated":true}]}}