{"id":357,"date":"2019-02-21T09:06:35","date_gmt":"2019-02-21T09:06:35","guid":{"rendered":"https:\/\/web.ifix.at\/willkommen\/?page_id=357"},"modified":"2021-04-29T13:06:06","modified_gmt":"2021-04-29T13:06:06","slug":"icloud-einrichten","status":"publish","type":"page","link":"https:\/\/web.ifix.at\/en\/icloud-einrichten","title":{"rendered":"iCloud Einrichten"},"content":{"rendered":"\r\n<div class=\"wp-block-image\">\r\n<figure class=\"aligncenter\"><img decoding=\"async\" class=\"wp-image-405\" src=\"https:\/\/web.ifix.at\/wp-content\/uploads\/2019\/02\/icloud-einrichten.png\" alt=\"iFix.at - iPhone und iPad Reparatur Service\" \/><\/figure>\r\n<\/div>\r\n\r\n\r\n<hr class=\"wp-block-separator\" \/>\r\n\r\n\r\n<p>Mit iCloud ist es m\u00f6glich, Daten auf maximal zehn\u00a0Apple-Ger\u00e4ten und Windows-Rechnern synchron zu halten. Neben Mails, Kontakten und Kalendereintr\u00e4gen, die bereits mit <em>MobileMe<\/em> synchronisiert werden konnten, k\u00f6nnen Fotos, Dokumente und Einstellungen automatisch in iCloud hochgeladen und zwischen allen Gerten des Besitzers synchronisiert werden. F\u00fcr iOS-Ger\u00e4te dient iCloud auch als Backup.<\/p>\r\n\r\n\r\n\r\n<p>Die Funktion \u201eMein iPhone suchen\u201c erm\u00f6glicht es, den Aufenthaltsort eines iOS-Ger\u00e4tes zu bestimmen, etwa im Fall eines Verlusts. Mit der Funktion \u201eMeine Freunde finden\u201c kann der aktuelle Standort auch anderen Personen bekanntgegeben werden.<\/p>\r\n\r\n\r\n\r\n<p>Jedem Nutzer stehen in iCloud kostenlos 5 GB\u00a0Speicherplatz zur Verf\u00fcgung<\/p>\r\n\r\n\r\n\r\n<p>Haben Sie Probleme bei der <strong>iCloud Einrichtung<\/strong>? Wir helfen Ihnen gerne!<\/p>\r\n\r\n\r\n\r\n<p>Gegen einen geringen Aufpreis von <strong>\u20ac30,<\/strong>\u2013 \u00fcbernehmen wir \u00a0die iCloud Einstellung ihres Ger\u00e4tes.<\/p>\r\n","protected":false},"excerpt":{"rendered":"<p>Mit iCloud ist es m\u00f6glich, Daten auf maximal zehn\u00a0Apple-Ger\u00e4ten und Windows-Rechnern synchron zu halten. Neben Mails, Kontakten und Kalendereintr\u00e4gen, die bereits mit MobileMe synchronisiert werden konnten, k\u00f6nnen Fotos, Dokumente und Einstellungen automatisch in iCloud hochgeladen und zwischen allen Gerten des Besitzers synchronisiert werden. F\u00fcr iOS-Ger\u00e4te dient iCloud auch als Backup. Die Funktion \u201eMein iPhone suchen\u201c [&hellip;]<\/p>\n","protected":false},"author":4,"featured_media":0,"parent":0,"menu_order":0,"comment_status":"closed","ping_status":"closed","template":"","meta":{"footnotes":""},"class_list":["post-357","page","type-page","status-publish","hentry"],"yoast_head":"<!-- This site is optimized with the Yoast SEO plugin v27.5 - https:\/\/yoast.com\/product\/yoast-seo-wordpress\/ -->\n<title>iCloud Einrichten &#8226; iFix.at Express Reparatur Wien \u2713<\/title>\n<meta name=\"description\" content=\"iPhone Reparatur mit Express Service - alle iPhone Reparaturen m\u00f6glich! Express \u2713 Bester Preis \u2713 iPhone Reparatur Wien \u2713 iFix.at Huawei Display tausch\" \/>\n<meta name=\"robots\" content=\"index, follow, max-snippet:-1, max-image-preview:large, max-video-preview:-1\" \/>\n<link rel=\"canonical\" href=\"https:\/\/web.ifix.at\/en\/icloud-einrichten\/\" \/>\n<meta property=\"og:locale\" content=\"en_US\" \/>\n<meta property=\"og:type\" content=\"article\" \/>\n<meta property=\"og:title\" content=\"iCloud Einrichten &#8226; iFix.at Express Reparatur Wien \u2713\" \/>\n<meta property=\"og:description\" content=\"iPhone Reparatur mit Express Service - alle iPhone Reparaturen m\u00f6glich! Express \u2713 Bester Preis \u2713 iPhone Reparatur Wien \u2713 iFix.at Huawei Display tausch\" \/>\n<meta property=\"og:url\" content=\"https:\/\/web.ifix.at\/en\/icloud-einrichten\/\" \/>\n<meta property=\"og:site_name\" content=\"iFix.at\" \/>\n<meta property=\"article:publisher\" content=\"https:\/\/www.facebook.com\/pages\/category\/Business-Service\/iFixat-deine-Handywerkstatt-1599555726993076\/\" \/>\n<meta property=\"article:modified_time\" content=\"2021-04-29T13:06:06+00:00\" \/>\n<meta property=\"og:image\" content=\"https:\/\/web.ifix.at\/wp-content\/uploads\/2019\/02\/icloud-einrichten.png\" \/>\n<meta name=\"twitter:card\" content=\"summary_large_image\" \/>\n<meta name=\"twitter:label1\" content=\"Est. reading time\" \/>\n\t<meta name=\"twitter:data1\" content=\"1 minute\" \/>\n<script type=\"application\/ld+json\" class=\"yoast-schema-graph\">{\"@context\":\"https:\\\/\\\/schema.org\",\"@graph\":[{\"@type\":\"WebPage\",\"@id\":\"https:\\\/\\\/web.ifix.at\\\/icloud-einrichten\",\"url\":\"https:\\\/\\\/web.ifix.at\\\/icloud-einrichten\",\"name\":\"iCloud Einrichten &#8226; iFix.at Express Reparatur Wien \u2713\",\"isPartOf\":{\"@id\":\"https:\\\/\\\/web.ifix.at\\\/#website\"},\"primaryImageOfPage\":{\"@id\":\"https:\\\/\\\/web.ifix.at\\\/icloud-einrichten#primaryimage\"},\"image\":{\"@id\":\"https:\\\/\\\/web.ifix.at\\\/icloud-einrichten#primaryimage\"},\"thumbnailUrl\":\"https:\\\/\\\/web.ifix.at\\\/wp-content\\\/uploads\\\/2019\\\/02\\\/icloud-einrichten.png\",\"datePublished\":\"2019-02-21T09:06:35+00:00\",\"dateModified\":\"2021-04-29T13:06:06+00:00\",\"description\":\"iPhone Reparatur mit Express Service - alle iPhone Reparaturen m\u00f6glich! Express \u2713 Bester Preis \u2713 iPhone Reparatur Wien \u2713 iFix.at Huawei Display tausch\",\"inLanguage\":\"en-US\",\"potentialAction\":[{\"@type\":\"ReadAction\",\"target\":[\"https:\\\/\\\/web.ifix.at\\\/icloud-einrichten\"]}]},{\"@type\":\"ImageObject\",\"inLanguage\":\"en-US\",\"@id\":\"https:\\\/\\\/web.ifix.at\\\/icloud-einrichten#primaryimage\",\"url\":\"https:\\\/\\\/web.ifix.at\\\/wp-content\\\/uploads\\\/2019\\\/02\\\/icloud-einrichten.png\",\"contentUrl\":\"https:\\\/\\\/web.ifix.at\\\/wp-content\\\/uploads\\\/2019\\\/02\\\/icloud-einrichten.png\"},{\"@type\":\"WebSite\",\"@id\":\"https:\\\/\\\/web.ifix.at\\\/#website\",\"url\":\"https:\\\/\\\/web.ifix.at\\\/\",\"name\":\"iFix.at\",\"description\":\"Express iPhone - iPad - Smartphone Reparaturen in 1010 Wien\",\"publisher\":{\"@id\":\"https:\\\/\\\/web.ifix.at\\\/#organization\"},\"potentialAction\":[{\"@type\":\"SearchAction\",\"target\":{\"@type\":\"EntryPoint\",\"urlTemplate\":\"https:\\\/\\\/web.ifix.at\\\/?s={search_term_string}\"},\"query-input\":{\"@type\":\"PropertyValueSpecification\",\"valueRequired\":true,\"valueName\":\"search_term_string\"}}],\"inLanguage\":\"en-US\"},{\"@type\":\"Organization\",\"@id\":\"https:\\\/\\\/web.ifix.at\\\/#organization\",\"name\":\"iFix\",\"url\":\"https:\\\/\\\/web.ifix.at\\\/\",\"logo\":{\"@type\":\"ImageObject\",\"inLanguage\":\"en-US\",\"@id\":\"https:\\\/\\\/web.ifix.at\\\/#\\\/schema\\\/logo\\\/image\\\/\",\"url\":\"https:\\\/\\\/web.ifix.at\\\/wp-content\\\/uploads\\\/2020\\\/12\\\/logo-transparent.png\",\"contentUrl\":\"https:\\\/\\\/web.ifix.at\\\/wp-content\\\/uploads\\\/2020\\\/12\\\/logo-transparent.png\",\"width\":1949,\"height\":500,\"caption\":\"iFix\"},\"image\":{\"@id\":\"https:\\\/\\\/web.ifix.at\\\/#\\\/schema\\\/logo\\\/image\\\/\"},\"sameAs\":[\"https:\\\/\\\/www.facebook.com\\\/pages\\\/category\\\/Business-Service\\\/iFixat-deine-Handywerkstatt-1599555726993076\\\/\",\"https:\\\/\\\/www.instagram.com\\\/ifixvienna\\\/\",\"https:\\\/\\\/www.linkedin.com\\\/in\\\/ifix-wien-a7a997100\\\/\",\"https:\\\/\\\/www.youtube.com\\\/channel\\\/UCTYIels_GZ7WHS9yFyShrlQ\"]}]}<\/script>\n<!-- \/ Yoast SEO plugin. -->","yoast_head_json":{"title":"iCloud Einrichten &#8226; iFix.at Express Reparatur Wien \u2713","description":"iPhone Reparatur mit Express Service - alle iPhone Reparaturen m\u00f6glich! Express \u2713 Bester Preis \u2713 iPhone Reparatur Wien \u2713 iFix.at Huawei Display tausch","robots":{"index":"index","follow":"follow","max-snippet":"max-snippet:-1","max-image-preview":"max-image-preview:large","max-video-preview":"max-video-preview:-1"},"canonical":"https:\/\/web.ifix.at\/en\/icloud-einrichten\/","og_locale":"en_US","og_type":"article","og_title":"iCloud Einrichten &#8226; iFix.at Express Reparatur Wien \u2713","og_description":"iPhone Reparatur mit Express Service - alle iPhone Reparaturen m\u00f6glich! Express \u2713 Bester Preis \u2713 iPhone Reparatur Wien \u2713 iFix.at Huawei Display tausch","og_url":"https:\/\/web.ifix.at\/en\/icloud-einrichten\/","og_site_name":"iFix.at","article_publisher":"https:\/\/www.facebook.com\/pages\/category\/Business-Service\/iFixat-deine-Handywerkstatt-1599555726993076\/","article_modified_time":"2021-04-29T13:06:06+00:00","og_image":[{"url":"https:\/\/web.ifix.at\/wp-content\/uploads\/2019\/02\/icloud-einrichten.png","type":"","width":"","height":""}],"twitter_card":"summary_large_image","twitter_misc":{"Est. reading time":"1 minute"},"schema":{"@context":"https:\/\/schema.org","@graph":[{"@type":"WebPage","@id":"https:\/\/web.ifix.at\/icloud-einrichten","url":"https:\/\/web.ifix.at\/icloud-einrichten","name":"iCloud Einrichten &#8226; iFix.at Express Reparatur Wien \u2713","isPartOf":{"@id":"https:\/\/web.ifix.at\/#website"},"primaryImageOfPage":{"@id":"https:\/\/web.ifix.at\/icloud-einrichten#primaryimage"},"image":{"@id":"https:\/\/web.ifix.at\/icloud-einrichten#primaryimage"},"thumbnailUrl":"https:\/\/web.ifix.at\/wp-content\/uploads\/2019\/02\/icloud-einrichten.png","datePublished":"2019-02-21T09:06:35+00:00","dateModified":"2021-04-29T13:06:06+00:00","description":"iPhone Reparatur mit Express Service - alle iPhone Reparaturen m\u00f6glich! Express \u2713 Bester Preis \u2713 iPhone Reparatur Wien \u2713 iFix.at Huawei Display tausch","inLanguage":"en-US","potentialAction":[{"@type":"ReadAction","target":["https:\/\/web.ifix.at\/icloud-einrichten"]}]},{"@type":"ImageObject","inLanguage":"en-US","@id":"https:\/\/web.ifix.at\/icloud-einrichten#primaryimage","url":"https:\/\/web.ifix.at\/wp-content\/uploads\/2019\/02\/icloud-einrichten.png","contentUrl":"https:\/\/web.ifix.at\/wp-content\/uploads\/2019\/02\/icloud-einrichten.png"},{"@type":"WebSite","@id":"https:\/\/web.ifix.at\/#website","url":"https:\/\/web.ifix.at\/","name":"iFix.at","description":"Express iPhone - iPad - Smartphone Reparaturen in 1010 Wien","publisher":{"@id":"https:\/\/web.ifix.at\/#organization"},"potentialAction":[{"@type":"SearchAction","target":{"@type":"EntryPoint","urlTemplate":"https:\/\/web.ifix.at\/?s={search_term_string}"},"query-input":{"@type":"PropertyValueSpecification","valueRequired":true,"valueName":"search_term_string"}}],"inLanguage":"en-US"},{"@type":"Organization","@id":"https:\/\/web.ifix.at\/#organization","name":"iFix","url":"https:\/\/web.ifix.at\/","logo":{"@type":"ImageObject","inLanguage":"en-US","@id":"https:\/\/web.ifix.at\/#\/schema\/logo\/image\/","url":"https:\/\/web.ifix.at\/wp-content\/uploads\/2020\/12\/logo-transparent.png","contentUrl":"https:\/\/web.ifix.at\/wp-content\/uploads\/2020\/12\/logo-transparent.png","width":1949,"height":500,"caption":"iFix"},"image":{"@id":"https:\/\/web.ifix.at\/#\/schema\/logo\/image\/"},"sameAs":["https:\/\/www.facebook.com\/pages\/category\/Business-Service\/iFixat-deine-Handywerkstatt-1599555726993076\/","https:\/\/www.instagram.com\/ifixvienna\/","https:\/\/www.linkedin.com\/in\/ifix-wien-a7a997100\/","https:\/\/www.youtube.com\/channel\/UCTYIels_GZ7WHS9yFyShrlQ"]}]}},"_links":{"self":[{"href":"https:\/\/web.ifix.at\/en\/wp-json\/wp\/v2\/pages\/357","targetHints":{"allow":["GET"]}}],"collection":[{"href":"https:\/\/web.ifix.at\/en\/wp-json\/wp\/v2\/pages"}],"about":[{"href":"https:\/\/web.ifix.at\/en\/wp-json\/wp\/v2\/types\/page"}],"author":[{"embeddable":true,"href":"https:\/\/web.ifix.at\/en\/wp-json\/wp\/v2\/users\/4"}],"replies":[{"embeddable":true,"href":"https:\/\/web.ifix.at\/en\/wp-json\/wp\/v2\/comments?post=357"}],"version-history":[{"count":2,"href":"https:\/\/web.ifix.at\/en\/wp-json\/wp\/v2\/pages\/357\/revisions"}],"predecessor-version":[{"id":8453,"href":"https:\/\/web.ifix.at\/en\/wp-json\/wp\/v2\/pages\/357\/revisions\/8453"}],"wp:attachment":[{"href":"https:\/\/web.ifix.at\/en\/wp-json\/wp\/v2\/media?parent=357"}],"curies":[{"name":"wp","href":"https:\/\/api.w.org\/{rel}","templated":true}]}}